{"id":1033,"date":"2014-07-13T09:10:57","date_gmt":"2014-07-13T07:10:57","guid":{"rendered":"http:\/\/gartenbahn.tuxplay.de\/?page_id=1033"},"modified":"2016-05-23T12:56:38","modified_gmt":"2016-05-23T10:56:38","slug":"juli-14","status":"publish","type":"page","link":"https:\/\/gartenbahn.tuxplay.de\/?page_id=1033","title":{"rendered":"Juli 14"},"content":{"rendered":"<p>Am 12.06. war wieder mal Gartenfest und da haben wir unsere Bahn fahren lassen.<\/p>\n<p>Ein paar Videos wurden gedreht und auch Bilder geknippst.<\/p>\n<p>Die Anlage wird nun \u00fcber Solarstrom betrieben, aber wenn es tagelang schlechtes Wetter gibt, dann mu\u00df auf herk\u00f6mmlichen Strom umgestellt werden.<\/p>\n<p>Neueste Errungenschaften sind eine Draisine, ein Wasserhaus und eine B\u00e4ckerei.<\/p>\n<p>Im Februar wurde unser &#8222;<a href=\"https:\/\/gartenbahn.tuxplay.de\/wordpress\/?page_id=117&amp;wppa-album=75&amp;wppa-cover=0&amp;wppa-occur=1\">Lokschuppen<\/a>&#8220; sehr massiv gebaut und als <a href=\"https:\/\/gartenbahn.tuxplay.de\/wordpress\/?page_id=117&amp;wppa-album=76&amp;wppa-cover=0&amp;wppa-occur=1\">Sitzbank<\/a> neben dem Kamin getarnt. Es sitzt sich und liegt sich super drauf.<br \/>\nEine Winterbastelei ist der Anfang vom Schotterwerk mit eine Bef\u00fcllungsvorrichtung. Das n\u00f6tige F\u00f6rderband ist auch schon fertig, hat aber den Weg in den Garten noch nicht gefunden, da der Erbauer noch unzufrieden ist, weil die Steinchen noch links und rechts vom Band fallen.<br \/>\nEbenfalls im Winter hat Papa diese niedliche Blockh\u00fctte gebaut:<\/p>\n<p><img fetchpriority=\"high\" decoding=\"async\" src=\"https:\/\/gartenbahn.tuxplay.de\/wp-content\/uploads\/wppa\/954.jpg?ver=1\" alt=\"\" width=\"400\" height=\"300\" \/><\/p>\n<p>Der modifizierte Antrieb f\u00fcr meine Dampfmaschine ist immernoch in den K\u00f6pfen der M\u00e4nner und hat sich dort gaaaaanz hinten im Hirn festgesetzt. Will hei\u00dfen, er ist auch noch nicht fertig, aber das Haus dazu schon:<\/p>\n<p><img decoding=\"async\" src=\"https:\/\/gartenbahn.tuxplay.de\/wp-content\/uploads\/wppa\/953.jpg?ver=1\" alt=\"\" width=\"400\" height=\"300\" \/><\/p>\n<p>Aber nun hat Papa ja Zeit, weil er offiziell Rentner ist.<\/p>\n<p>Vielleicht bekommen wir unsere Dauerbaustellen jetzt in den Griff.<\/p>\n<p>&nbsp;<\/p>\n<p>Sch\u00f6nen Sommer und unfallfreie Fahrt f\u00fcr alle.<\/p>\n","protected":false},"excerpt":{"rendered":"<p>Am 12.06. war wieder mal Gartenfest und da haben wir unsere Bahn fahren lassen. Ein paar Videos wurden gedreht und auch Bilder geknippst. Die Anlage wird nun \u00fcber Solarstrom betrieben, aber wenn es tagelang schlechtes Wetter gibt, dann mu\u00df auf herk\u00f6mmlichen Strom umgestellt werden. Neueste Errungenschaften sind eine Draisine, ein Wasserhaus und eine B\u00e4ckerei. Im Februar wurde unser &#8222;Lokschuppen&#8220; sehr<\/p>\n<p><a class=\"more-link\" href=\"https:\/\/gartenbahn.tuxplay.de\/?page_id=1033\">Weiterlesen<\/a><\/p>\n","protected":false},"author":1,"featured_media":0,"parent":1369,"menu_order":1,"comment_status":"closed","ping_status":"closed","template":"","meta":{"footnotes":""},"class_list":["post-1033","page","type-page","status-publish","hentry"],"_links":{"self":[{"href":"https:\/\/gartenbahn.tuxplay.de\/index.php?rest_route=\/wp\/v2\/pages\/1033","targetHints":{"allow":["GET"]}}],"collection":[{"href":"https:\/\/gartenbahn.tuxplay.de\/index.php?rest_route=\/wp\/v2\/pages"}],"about":[{"href":"https:\/\/gartenbahn.tuxplay.de\/index.php?rest_route=\/wp\/v2\/types\/page"}],"author":[{"embeddable":true,"href":"https:\/\/gartenbahn.tuxplay.de\/index.php?rest_route=\/wp\/v2\/users\/1"}],"replies":[{"embeddable":true,"href":"https:\/\/gartenbahn.tuxplay.de\/index.php?rest_route=%2Fwp%2Fv2%2Fcomments&post=1033"}],"version-history":[{"count":2,"href":"https:\/\/gartenbahn.tuxplay.de\/index.php?rest_route=\/wp\/v2\/pages\/1033\/revisions"}],"predecessor-version":[{"id":1325,"href":"https:\/\/gartenbahn.tuxplay.de\/index.php?rest_route=\/wp\/v2\/pages\/1033\/revisions\/1325"}],"up":[{"embeddable":true,"href":"https:\/\/gartenbahn.tuxplay.de\/index.php?rest_route=\/wp\/v2\/pages\/1369"}],"wp:attachment":[{"href":"https:\/\/gartenbahn.tuxplay.de\/index.php?rest_route=%2Fwp%2Fv2%2Fmedia&parent=1033"}],"curies":[{"name":"wp","href":"https:\/\/api.w.org\/{rel}","templated":true}]}}