{"id":1052,"date":"2014-08-06T17:19:47","date_gmt":"2014-08-06T15:19:47","guid":{"rendered":"http:\/\/gartenbahn.tuxplay.de\/?page_id=1052"},"modified":"2016-05-23T12:56:51","modified_gmt":"2016-05-23T10:56:51","slug":"august-14","status":"publish","type":"page","link":"https:\/\/gartenbahn.tuxplay.de\/?page_id=1052","title":{"rendered":"August 14"},"content":{"rendered":"<p>Heute war Fahrtag und das Wetter optimal f\u00fcr Fotos.<\/p>\n<p>Aus Gastfahrer hatten wir Mischa zu Besuch mit seiner Schweineschnauze und einer Tenderlok, sowie ein paar Wagen.<\/p>\n<p><img fetchpriority=\"high\" decoding=\"async\" src=\"https:\/\/gartenbahn.tuxplay.de\/wp-content\/uploads\/wppa\/1048.jpg?ver=1\" alt=\"\" width=\"400\" height=\"300\" \/>\u00a0\u00a0\u00a0\u00a0\u00a0\u00a0\u00a0\u00a0\u00a0\u00a0\u00a0 <img decoding=\"async\" src=\"https:\/\/gartenbahn.tuxplay.de\/wp-content\/uploads\/wppa\/993.jpg?ver=1\" alt=\"\" width=\"400\" height=\"300\" \/><\/p>\n<p>Die M\u00e4nner hatten einen Heidenspa\u00df, fast wie kleine Kinder untern Tannebaum.<\/p>\n<p><img decoding=\"async\" src=\"https:\/\/gartenbahn.tuxplay.de\/wp-content\/uploads\/wppa\/1034.jpg?ver=1\" alt=\"\" width=\"400\" height=\"300\" \/><\/p>\n<p>Ich bin einfach mal wieder mit der Kamera \u00fcber die Anlage gestiefelt und hab alles M\u00f6gliche geknippst.<\/p>\n<p>Die Bilder sind<a href=\"https:\/\/gartenbahn.tuxplay.de\/wordpress\/?page_id=117&amp;wppa-cover=0&amp;wppa-occur=1&amp;wppa-album=78\"> hier.<\/a><\/p>\n<p>Auch Videos hab ich gedreht. Die findet ihr unter Videos&#8230;.August 14.<\/p>\n<p>&nbsp;<\/p>\n<p>Viel Spa\u00df<\/p>\n","protected":false},"excerpt":{"rendered":"<p>Heute war Fahrtag und das Wetter optimal f\u00fcr Fotos. Aus Gastfahrer hatten wir Mischa zu Besuch mit seiner Schweineschnauze und einer Tenderlok, sowie ein paar Wagen. \u00a0\u00a0\u00a0\u00a0\u00a0\u00a0\u00a0\u00a0\u00a0\u00a0\u00a0 Die M\u00e4nner hatten einen Heidenspa\u00df, fast wie kleine Kinder untern Tannebaum. Ich bin einfach mal wieder mit der Kamera \u00fcber die Anlage gestiefelt und hab alles M\u00f6gliche geknippst. Die Bilder sind hier. Auch<\/p>\n<p><a class=\"more-link\" href=\"https:\/\/gartenbahn.tuxplay.de\/?page_id=1052\">Weiterlesen<\/a><\/p>\n","protected":false},"author":1,"featured_media":0,"parent":1369,"menu_order":2,"comment_status":"closed","ping_status":"closed","template":"","meta":{"footnotes":""},"class_list":["post-1052","page","type-page","status-publish","hentry"],"_links":{"self":[{"href":"https:\/\/gartenbahn.tuxplay.de\/index.php?rest_route=\/wp\/v2\/pages\/1052","targetHints":{"allow":["GET"]}}],"collection":[{"href":"https:\/\/gartenbahn.tuxplay.de\/index.php?rest_route=\/wp\/v2\/pages"}],"about":[{"href":"https:\/\/gartenbahn.tuxplay.de\/index.php?rest_route=\/wp\/v2\/types\/page"}],"author":[{"embeddable":true,"href":"https:\/\/gartenbahn.tuxplay.de\/index.php?rest_route=\/wp\/v2\/users\/1"}],"replies":[{"embeddable":true,"href":"https:\/\/gartenbahn.tuxplay.de\/index.php?rest_route=%2Fwp%2Fv2%2Fcomments&post=1052"}],"version-history":[{"count":1,"href":"https:\/\/gartenbahn.tuxplay.de\/index.php?rest_route=\/wp\/v2\/pages\/1052\/revisions"}],"predecessor-version":[{"id":1053,"href":"https:\/\/gartenbahn.tuxplay.de\/index.php?rest_route=\/wp\/v2\/pages\/1052\/revisions\/1053"}],"up":[{"embeddable":true,"href":"https:\/\/gartenbahn.tuxplay.de\/index.php?rest_route=\/wp\/v2\/pages\/1369"}],"wp:attachment":[{"href":"https:\/\/gartenbahn.tuxplay.de\/index.php?rest_route=%2Fwp%2Fv2%2Fmedia&parent=1052"}],"curies":[{"name":"wp","href":"https:\/\/api.w.org\/{rel}","templated":true}]}}