{"id":608,"date":"2014-05-25T09:37:36","date_gmt":"2014-05-25T07:37:36","guid":{"rendered":"http:\/\/gartenbahn.tuxplay.de\/?page_id=608"},"modified":"2025-06-10T15:50:40","modified_gmt":"2025-06-10T13:50:40","slug":"mai-08","status":"publish","type":"page","link":"https:\/\/gartenbahn.tuxplay.de\/?page_id=608","title":{"rendered":"Mai 08"},"content":{"rendered":"<p>Bis zur Hochzeit am 17. Mai hat Papa alle Weichen, durch internes Herdplattenanschlu\u00dfkabel, mit der zentralen Schaltstelle, sowie jeder Menge Kopexschlauch und Klingeldraht verdrahtet.<br \/>\nEtliche B\u00e4umchen und B\u00fcsche sind nun auch schon gepflanzt und endlich wird es etwas gr\u00fcner.<br \/>\nSo konnten die Hochzeitsg\u00e4ste vor dem Kaffeetrinken eine Runde Eisenbahn bewundern.<\/p>\n<p><img fetchpriority=\"high\" decoding=\"async\" class=\"aligncenter\" src=\"https:\/\/gartenbahn.tuxplay.de\/wp-content\/uploads\/2014\/05\/papa.bmp\" alt=\"\" width=\"400\" height=\"298\" \/><\/p>\n","protected":false},"excerpt":{"rendered":"<p>Bis zur Hochzeit am 17. Mai hat Papa alle Weichen, durch internes Herdplattenanschlu\u00dfkabel, mit der zentralen Schaltstelle, sowie jeder Menge Kopexschlauch und Klingeldraht verdrahtet. Etliche B\u00e4umchen und B\u00fcsche sind nun auch schon gepflanzt und endlich wird es etwas gr\u00fcner. So konnten die Hochzeitsg\u00e4ste vor dem Kaffeetrinken eine Runde Eisenbahn bewundern.<\/p>\n","protected":false},"author":1,"featured_media":0,"parent":1355,"menu_order":3,"comment_status":"closed","ping_status":"closed","template":"","meta":{"footnotes":""},"class_list":["post-608","page","type-page","status-publish","hentry"],"_links":{"self":[{"href":"https:\/\/gartenbahn.tuxplay.de\/index.php?rest_route=\/wp\/v2\/pages\/608","targetHints":{"allow":["GET"]}}],"collection":[{"href":"https:\/\/gartenbahn.tuxplay.de\/index.php?rest_route=\/wp\/v2\/pages"}],"about":[{"href":"https:\/\/gartenbahn.tuxplay.de\/index.php?rest_route=\/wp\/v2\/types\/page"}],"author":[{"embeddable":true,"href":"https:\/\/gartenbahn.tuxplay.de\/index.php?rest_route=\/wp\/v2\/users\/1"}],"replies":[{"embeddable":true,"href":"https:\/\/gartenbahn.tuxplay.de\/index.php?rest_route=%2Fwp%2Fv2%2Fcomments&post=608"}],"version-history":[{"count":3,"href":"https:\/\/gartenbahn.tuxplay.de\/index.php?rest_route=\/wp\/v2\/pages\/608\/revisions"}],"predecessor-version":[{"id":1668,"href":"https:\/\/gartenbahn.tuxplay.de\/index.php?rest_route=\/wp\/v2\/pages\/608\/revisions\/1668"}],"up":[{"embeddable":true,"href":"https:\/\/gartenbahn.tuxplay.de\/index.php?rest_route=\/wp\/v2\/pages\/1355"}],"wp:attachment":[{"href":"https:\/\/gartenbahn.tuxplay.de\/index.php?rest_route=%2Fwp%2Fv2%2Fmedia&parent=608"}],"curies":[{"name":"wp","href":"https:\/\/api.w.org\/{rel}","templated":true}]}}