{"id":665,"date":"2014-05-25T13:55:26","date_gmt":"2014-05-25T11:55:26","guid":{"rendered":"http:\/\/gartenbahn.tuxplay.de\/?page_id=665"},"modified":"2025-06-10T15:54:19","modified_gmt":"2025-06-10T13:54:19","slug":"september-08","status":"publish","type":"page","link":"https:\/\/gartenbahn.tuxplay.de\/?page_id=665","title":{"rendered":"September 08"},"content":{"rendered":"<p>Im September veranstalteten wir noch ein Abgrillen und hatten mit dem Wetter super Gl\u00fcck.<br \/>\n<a href=\"https:\/\/gartenbahn.tuxplay.de\/wp-content\/uploads\/2014\/05\/130967.jpg\"><img fetchpriority=\"high\" decoding=\"async\" class=\"aligncenter size-full wp-image-666\" src=\"https:\/\/gartenbahn.tuxplay.de\/wp-content\/uploads\/2014\/05\/130967.jpg\" alt=\"130967\" width=\"400\" height=\"300\" srcset=\"https:\/\/gartenbahn.tuxplay.de\/wp-content\/uploads\/2014\/05\/130967.jpg 400w, https:\/\/gartenbahn.tuxplay.de\/wp-content\/uploads\/2014\/05\/130967-300x225.jpg 300w\" sizes=\"(max-width: 400px) 100vw, 400px\" \/><\/a><br \/>\nIch nutzte die Chance und scho\u00df jede Menge Bilder f\u00fcr ein Panoramabild der Anlage. Deshalb sind es so viele Bilder.<br \/>\nMan sieht schon einen Unterschied zu den verganganen Monaten und was wir alles geschafft haben.<\/p>\n<p><img decoding=\"async\" class=\"aligncenter\" src=\"https:\/\/gartenbahn.tuxplay.de\/wp-content\/uploads\/wppa\/864.jpg?ver=1\" alt=\"\" width=\"200\" height=\"150\" \/><\/p>\n<p><a href=\"https:\/\/gartenbahn.tuxplay.de\/?page_id=117&#038;lang=de&#038;wppa-album=0ee3871c9137f38d&#038;wppa-cover=0&#038;wppa-occur=1&#038;data-alb=68\">Hier die Bilder<\/a>.<\/p>\n","protected":false},"excerpt":{"rendered":"<p>Im September veranstalteten wir noch ein Abgrillen und hatten mit dem Wetter super Gl\u00fcck. Ich nutzte die Chance und scho\u00df jede Menge Bilder f\u00fcr ein Panoramabild der Anlage. Deshalb sind es so viele Bilder. Man sieht schon einen Unterschied zu den verganganen Monaten und was wir alles geschafft haben. Hier die Bilder.<\/p>\n","protected":false},"author":1,"featured_media":0,"parent":1355,"menu_order":5,"comment_status":"closed","ping_status":"closed","template":"","meta":{"footnotes":""},"class_list":["post-665","page","type-page","status-publish","hentry"],"_links":{"self":[{"href":"https:\/\/gartenbahn.tuxplay.de\/index.php?rest_route=\/wp\/v2\/pages\/665","targetHints":{"allow":["GET"]}}],"collection":[{"href":"https:\/\/gartenbahn.tuxplay.de\/index.php?rest_route=\/wp\/v2\/pages"}],"about":[{"href":"https:\/\/gartenbahn.tuxplay.de\/index.php?rest_route=\/wp\/v2\/types\/page"}],"author":[{"embeddable":true,"href":"https:\/\/gartenbahn.tuxplay.de\/index.php?rest_route=\/wp\/v2\/users\/1"}],"replies":[{"embeddable":true,"href":"https:\/\/gartenbahn.tuxplay.de\/index.php?rest_route=%2Fwp%2Fv2%2Fcomments&post=665"}],"version-history":[{"count":5,"href":"https:\/\/gartenbahn.tuxplay.de\/index.php?rest_route=\/wp\/v2\/pages\/665\/revisions"}],"predecessor-version":[{"id":1676,"href":"https:\/\/gartenbahn.tuxplay.de\/index.php?rest_route=\/wp\/v2\/pages\/665\/revisions\/1676"}],"up":[{"embeddable":true,"href":"https:\/\/gartenbahn.tuxplay.de\/index.php?rest_route=\/wp\/v2\/pages\/1355"}],"wp:attachment":[{"href":"https:\/\/gartenbahn.tuxplay.de\/index.php?rest_route=%2Fwp%2Fv2%2Fmedia&parent=665"}],"curies":[{"name":"wp","href":"https:\/\/api.w.org\/{rel}","templated":true}]}}