{"id":675,"date":"2014-05-25T14:02:00","date_gmt":"2014-05-25T12:02:00","guid":{"rendered":"http:\/\/gartenbahn.tuxplay.de\/?page_id=675"},"modified":"2025-06-10T15:58:00","modified_gmt":"2025-06-10T13:58:00","slug":"dezember-08","status":"publish","type":"page","link":"https:\/\/gartenbahn.tuxplay.de\/?page_id=675","title":{"rendered":"Dezember 08"},"content":{"rendered":"<p>Nun haben wir unsere Gartenbahn fast ein Jahr.<br \/>\nJede Menge Geld und Zeit wurde investiert.<br \/>\nIn den Wintermonaten werden wir uns verst\u00e4rkt um den Geb\u00e4udebau k\u00fcmmern.<br \/>\nZu Weihnachten gibt es wieder Anh\u00e4nger f\u00fcr Papa.<br \/>\nEr hat sich jetzt auch ein Signal gekauft.<\/p>\n<p>Der Blinkischwei\u00dfer hat ein Dach \u00fcber dem Kopf erhalten und ein weiteres Werkstattgeb\u00e4ude ist im Bau.<br \/>\nDie meisten \u00c4nderungen sind im Garten bei der Streckenf\u00fchrung geschehen und nun warten<br \/>\nwir auf Schnee, um ein paar h\u00fcbsche Bilder zu schie\u00dfen.<br \/>\nDie Loks sind nun alle digital. Die Stainz ist nach wie vor im Originalzustand, die Playmobil erhielt<br \/>\nden Dekoder der Cottbus (nur digitaler Fahrbetrieb ohne Sound) und<br \/>\ndie Cottbus bekam f\u00fcr ca 180 \u20ac einen neuen Dekoder samt Sound.<br \/>\nEigentlich sollte es zu Weihnachten eine IV K geben,<br \/>\naber Papas Auto war der Meinung, das ein Differenzialgetriebe mit nur 60.000 km kaputt gehen kann.<br \/>\nNun ist sie dahin, die begehrte IV K (mind. bis zum Geburtstag im Februar)<br \/>\n<img decoding=\"async\" class=\"aligncenter\" src=\"https:\/\/gartenbahn.tuxplay.de\/uploads\/wppa\/808.jpg?ver=1\" alt=\"\" width=\"200\" height=\"150\" \/><br \/>\nIn diesem Sinne<br \/>\nFrohe Weihnachten<br \/>\n<a href=\"https:\/\/gartenbahn.tuxplay.de\/?page_id=117&amp;lang=de&amp;wppa-album=1b8f5d01ef68fdfa&amp;wppa-cover=0&amp;wppa-occur=1#wppa-container-1\">Hier die Bilder bis Weihnachten<\/a><\/p>\n","protected":false},"excerpt":{"rendered":"<p>Nun haben wir unsere Gartenbahn fast ein Jahr. Jede Menge Geld und Zeit wurde investiert. In den Wintermonaten werden wir uns verst\u00e4rkt um den Geb\u00e4udebau k\u00fcmmern. Zu Weihnachten gibt es wieder Anh\u00e4nger f\u00fcr Papa. Er hat sich jetzt auch ein Signal gekauft. Der Blinkischwei\u00dfer hat ein Dach \u00fcber dem Kopf erhalten und ein weiteres Werkstattgeb\u00e4ude ist im Bau. Die meisten<\/p>\n<p><a class=\"more-link\" href=\"https:\/\/gartenbahn.tuxplay.de\/?page_id=675\">Weiterlesen<\/a><\/p>\n","protected":false},"author":1,"featured_media":0,"parent":1355,"menu_order":7,"comment_status":"closed","ping_status":"closed","template":"","meta":{"footnotes":""},"class_list":["post-675","page","type-page","status-publish","hentry"],"_links":{"self":[{"href":"https:\/\/gartenbahn.tuxplay.de\/index.php?rest_route=\/wp\/v2\/pages\/675","targetHints":{"allow":["GET"]}}],"collection":[{"href":"https:\/\/gartenbahn.tuxplay.de\/index.php?rest_route=\/wp\/v2\/pages"}],"about":[{"href":"https:\/\/gartenbahn.tuxplay.de\/index.php?rest_route=\/wp\/v2\/types\/page"}],"author":[{"embeddable":true,"href":"https:\/\/gartenbahn.tuxplay.de\/index.php?rest_route=\/wp\/v2\/users\/1"}],"replies":[{"embeddable":true,"href":"https:\/\/gartenbahn.tuxplay.de\/index.php?rest_route=%2Fwp%2Fv2%2Fcomments&post=675"}],"version-history":[{"count":3,"href":"https:\/\/gartenbahn.tuxplay.de\/index.php?rest_route=\/wp\/v2\/pages\/675\/revisions"}],"predecessor-version":[{"id":1680,"href":"https:\/\/gartenbahn.tuxplay.de\/index.php?rest_route=\/wp\/v2\/pages\/675\/revisions\/1680"}],"up":[{"embeddable":true,"href":"https:\/\/gartenbahn.tuxplay.de\/index.php?rest_route=\/wp\/v2\/pages\/1355"}],"wp:attachment":[{"href":"https:\/\/gartenbahn.tuxplay.de\/index.php?rest_route=%2Fwp%2Fv2%2Fmedia&parent=675"}],"curies":[{"name":"wp","href":"https:\/\/api.w.org\/{rel}","templated":true}]}}