{"id":72,"date":"2014-05-24T16:29:51","date_gmt":"2014-05-24T14:29:51","guid":{"rendered":"http:\/\/gartenbahn.tuxplay.de\/?page_id=72"},"modified":"2025-06-10T15:48:36","modified_gmt":"2025-06-10T13:48:36","slug":"new-page","status":"publish","type":"page","link":"https:\/\/gartenbahn.tuxplay.de\/","title":{"rendered":"Wie alles begann"},"content":{"rendered":"\t\t<div data-elementor-type=\"wp-page\" data-elementor-id=\"72\" class=\"elementor elementor-72\">\n\t\t\t\t<div class=\"elementor-element elementor-element-7f79f983 e-flex e-con-boxed e-con e-parent\" data-id=\"7f79f983\" data-element_type=\"container\" data-e-type=\"container\">\n\t\t\t\t\t<div class=\"e-con-inner\">\n\t\t\t\t<div class=\"elementor-element elementor-element-4563715e elementor-widget elementor-widget-text-editor\" data-id=\"4563715e\" data-element_type=\"widget\" data-e-type=\"widget\" data-widget_type=\"text-editor.default\">\n\t\t\t\t<div class=\"elementor-widget-container\">\n\t\t\t\t\t\t\t\t\t\n<p class=\"has-vivid-cyan-blue-color has-text-color\">Es gibt neue Bilder zu sehen. Viel Spa\u00df dabei.<\/p>\n\n<div class=\"art-content-layout\">Im Dezember 2007 wollten mein Papa und ich nur einen Gl\u00fchwein und einen Rahmflecken auf dem Weihnachtsmarkt essen, da mein Papa seit Jahrzehnten nicht mehr auf dem Weihnachtsmarkt war.Wir sind schon zu DDR-Zeiten Modellbahner gewesen und der Verlust unserer Spur &#8222;N&#8220;, durch Klau vom Abstellboden bei der Modernisierung 1992, tut heute noch etwas weh.<br \/>Wir gingen jedenfalls in den Eisenbahnladen hinter der Thomaskirche (Leipzig) und ich durfte nach 33 Jahren auch mit rein.<br \/>&#8222;Nur mal guggen, was eine LGB- Bahn kostet&#8220;.<br \/>Geguggt war schnell und gekauft auch.<br \/>10 Minuten sp\u00e4ter waren wir 280 \u20ac \u00e4rmer, aber stolze Besitzer eines LGB- Startersets.<a href=\"https:\/\/gartenbahn.tuxplay.de\/wp-content\/uploads\/2014\/05\/2.jpg\"><img fetchpriority=\"high\" decoding=\"async\" class=\"alignleft size-medium wp-image-633\" src=\"https:\/\/gartenbahn.tuxplay.de\/wp-content\/uploads\/2014\/05\/2-300x179.jpg\" alt=\"2\" width=\"300\" height=\"179\" srcset=\"https:\/\/gartenbahn.tuxplay.de\/wp-content\/uploads\/2014\/05\/2-300x179.jpg 300w, https:\/\/gartenbahn.tuxplay.de\/wp-content\/uploads\/2014\/05\/2.jpg 319w\" sizes=\"(max-width: 300px) 100vw, 300px\" \/><\/a>Cool &#8211; ne Lok mit Dampf, Licht und Sound, einem Schienenkreis mit 1,20m Durchmesser und<br \/>Trafo nannten wir nun unser Eigentum. Endlich zur\u00fcck im Modellbahnleben!\n<p>&nbsp;<\/p>\n<p>Nach Gl\u00fchwein und Rahmflecken nix wie nach Hause zu Papa und Platz auf dem K\u00fcchenfu\u00dfboden geschaffen.<br \/>Struppi-hund guggte etwas dumm, als die Lok mit lauten Schnaufger\u00e4uschen unter dem K\u00fcchentisch langfuhr.<br \/>Etwas respektvoller Abstand wurde eingehalten.<br \/>Als ich dann zu Hause war &#8211;&gt; nix wie zu ebay und siehe da ein gebrauchtes Starterset mit einer schwarzen Dampflok.<br \/>1 &#8211; 2 &#8211; 3 &#8211; meins! Juhu Heiligabend war gerettet.<\/p>\n<\/div>\t\t\t\t\t\t\t\t<\/div>\n\t\t\t\t<\/div>\n\t\t\t\t\t<\/div>\n\t\t\t\t<\/div>\n\t\t\t\t<\/div>\n\t\t","protected":false},"excerpt":{"rendered":"<p>Es gibt neue Bilder zu sehen. Viel Spa\u00df dabei. Im Dezember 2007 wollten mein Papa und ich nur einen Gl\u00fchwein und einen Rahmflecken auf dem Weihnachtsmarkt essen, da mein Papa seit Jahrzehnten nicht mehr auf dem Weihnachtsmarkt war.Wir sind schon zu DDR-Zeiten Modellbahner gewesen und der Verlust unserer Spur &#8222;N&#8220;, durch Klau vom Abstellboden bei der Modernisierung 1992, tut heute<\/p>\n<p><a class=\"more-link\" href=\"https:\/\/gartenbahn.tuxplay.de\/\">Weiterlesen<\/a><\/p>\n","protected":false},"author":1,"featured_media":0,"parent":71,"menu_order":1,"comment_status":"closed","ping_status":"closed","template":"","meta":{"footnotes":""},"class_list":["post-72","page","type-page","status-publish","hentry"],"_links":{"self":[{"href":"https:\/\/gartenbahn.tuxplay.de\/index.php?rest_route=\/wp\/v2\/pages\/72","targetHints":{"allow":["GET"]}}],"collection":[{"href":"https:\/\/gartenbahn.tuxplay.de\/index.php?rest_route=\/wp\/v2\/pages"}],"about":[{"href":"https:\/\/gartenbahn.tuxplay.de\/index.php?rest_route=\/wp\/v2\/types\/page"}],"author":[{"embeddable":true,"href":"https:\/\/gartenbahn.tuxplay.de\/index.php?rest_route=\/wp\/v2\/users\/1"}],"replies":[{"embeddable":true,"href":"https:\/\/gartenbahn.tuxplay.de\/index.php?rest_route=%2Fwp%2Fv2%2Fcomments&post=72"}],"version-history":[{"count":7,"href":"https:\/\/gartenbahn.tuxplay.de\/index.php?rest_route=\/wp\/v2\/pages\/72\/revisions"}],"predecessor-version":[{"id":1667,"href":"https:\/\/gartenbahn.tuxplay.de\/index.php?rest_route=\/wp\/v2\/pages\/72\/revisions\/1667"}],"up":[{"embeddable":true,"href":"https:\/\/gartenbahn.tuxplay.de\/index.php?rest_route=\/wp\/v2\/pages\/71"}],"wp:attachment":[{"href":"https:\/\/gartenbahn.tuxplay.de\/index.php?rest_route=%2Fwp%2Fv2%2Fmedia&parent=72"}],"curies":[{"name":"wp","href":"https:\/\/api.w.org\/{rel}","templated":true}]}}