{"id":811,"date":"2014-05-30T09:46:07","date_gmt":"2014-05-30T07:46:07","guid":{"rendered":"http:\/\/gartenbahn.tuxplay.de\/?page_id=811"},"modified":"2016-05-23T12:48:46","modified_gmt":"2016-05-23T10:48:46","slug":"maerz-09","status":"publish","type":"page","link":"https:\/\/gartenbahn.tuxplay.de\/?page_id=811","title":{"rendered":"M\u00e4rz 09"},"content":{"rendered":"<p>Hier ein Plan, wie Papa die Anlage nun gestalten m\u00f6chte. <a href=\"https:\/\/gartenbahn.tuxplay.de\/wp-content\/uploads\/2014\/05\/plan1_09.jpg\"><img fetchpriority=\"high\" decoding=\"async\" class=\"alignright size-full wp-image-827\" src=\"https:\/\/gartenbahn.tuxplay.de\/wp-content\/uploads\/2014\/05\/plan1_09.jpg\" alt=\"plan1_09\" width=\"179\" height=\"444\" \/><\/a><\/p>\n<p>Eigentlich werden 2 Weichen um die Teichpf\u00fctze entfernt und es kommt ein Abstellgleis dazu.<br \/>\nNeue H\u00e4user haben wir uns gegenseitig zu den Geburtstagen geschenkt.<br \/>\nPapa bekam ein Fachwerkhaus mit Storchennest (noch keine Bilder) und eine Maschinenhalle Weissm\u00fcller.<br \/>\nEin Bahn\u00fcbergangssignal, eine beleuchtete Bahnhofsuhr und diverser Kleinkram waren f\u00fcr Papa auch noch dabei.<br \/>\nZusammen haben wir uns das Funktionsmodell Hammerschmiede geg\u00f6nnt.<\/p>\n<p><img decoding=\"async\" src=\"https:\/\/gartenbahn.tuxplay.de\/wp-content\/uploads\/wppa\/735.jpg?ver=1\" alt=\"\" width=\"264\" height=\"198\" \/><\/p>\n<p>So waren wir beide mit unseren Geburtstagsgeschenken im Februar seeehr zufrieden.<\/p>\n<p>Leider schwebt jetzt wieder der Pleitegeier f\u00fcr 4-6 Wochen \u00fcber uns.<\/p>\n<p><a href=\"https:\/\/gartenbahn.tuxplay.de\/wordpress\/?page_id=117&amp;wppa-album=64&amp;wppa-cover=0&amp;wppa-occur=1\">Hier<\/a> und<a href=\"https:\/\/gartenbahn.tuxplay.de\/wordpress\/?page_id=117&amp;wppa-album=63&amp;wppa-cover=0&amp;wppa-occur=1\"> hier<\/a> geht es zu den Bildern.<\/p>\n","protected":false},"excerpt":{"rendered":"<p>Hier ein Plan, wie Papa die Anlage nun gestalten m\u00f6chte. Eigentlich werden 2 Weichen um die Teichpf\u00fctze entfernt und es kommt ein Abstellgleis dazu. Neue H\u00e4user haben wir uns gegenseitig zu den Geburtstagen geschenkt. Papa bekam ein Fachwerkhaus mit Storchennest (noch keine Bilder) und eine Maschinenhalle Weissm\u00fcller. Ein Bahn\u00fcbergangssignal, eine beleuchtete Bahnhofsuhr und diverser Kleinkram waren f\u00fcr Papa auch noch<\/p>\n<p><a class=\"more-link\" href=\"https:\/\/gartenbahn.tuxplay.de\/?page_id=811\">Weiterlesen<\/a><\/p>\n","protected":false},"author":1,"featured_media":0,"parent":1357,"menu_order":1,"comment_status":"closed","ping_status":"closed","template":"","meta":{"footnotes":""},"class_list":["post-811","page","type-page","status-publish","hentry"],"_links":{"self":[{"href":"https:\/\/gartenbahn.tuxplay.de\/index.php?rest_route=\/wp\/v2\/pages\/811","targetHints":{"allow":["GET"]}}],"collection":[{"href":"https:\/\/gartenbahn.tuxplay.de\/index.php?rest_route=\/wp\/v2\/pages"}],"about":[{"href":"https:\/\/gartenbahn.tuxplay.de\/index.php?rest_route=\/wp\/v2\/types\/page"}],"author":[{"embeddable":true,"href":"https:\/\/gartenbahn.tuxplay.de\/index.php?rest_route=\/wp\/v2\/users\/1"}],"replies":[{"embeddable":true,"href":"https:\/\/gartenbahn.tuxplay.de\/index.php?rest_route=%2Fwp%2Fv2%2Fcomments&post=811"}],"version-history":[{"count":5,"href":"https:\/\/gartenbahn.tuxplay.de\/index.php?rest_route=\/wp\/v2\/pages\/811\/revisions"}],"predecessor-version":[{"id":829,"href":"https:\/\/gartenbahn.tuxplay.de\/index.php?rest_route=\/wp\/v2\/pages\/811\/revisions\/829"}],"up":[{"embeddable":true,"href":"https:\/\/gartenbahn.tuxplay.de\/index.php?rest_route=\/wp\/v2\/pages\/1357"}],"wp:attachment":[{"href":"https:\/\/gartenbahn.tuxplay.de\/index.php?rest_route=%2Fwp%2Fv2%2Fmedia&parent=811"}],"curies":[{"name":"wp","href":"https:\/\/api.w.org\/{rel}","templated":true}]}}