{"id":816,"date":"2014-05-30T09:50:17","date_gmt":"2014-05-30T07:50:17","guid":{"rendered":"http:\/\/gartenbahn.tuxplay.de\/?page_id=816"},"modified":"2016-05-23T12:49:02","modified_gmt":"2016-05-23T10:49:02","slug":"april-09","status":"publish","type":"page","link":"https:\/\/gartenbahn.tuxplay.de\/?page_id=816","title":{"rendered":"April 09"},"content":{"rendered":"<p>Ostersamstag war es soweit:<br \/>\nAufbau im Garten.<br \/>\nPapa hatte sich schon am Karfreitag seinen ersten Muskelkater geholt, da er schon alle Gleise ausgelegt hat und hier und dort eine Schraube zur Befestigung.<br \/>\nIch trieb mich an diesem Freitag beim Osterspaziergang mit meinem Mann und allen Fichtners in Ochsensaal rum.<br \/>\nWetter skandal\u00f6s sch\u00f6n, viel Spa\u00df, leckeres Essen, aber alles sollte ich am Samstag bitter bereuen (so wie jeder Jahr).<br \/>\n<a href=\"https:\/\/gartenbahn.tuxplay.de\/wp-content\/uploads\/2014\/05\/fichtners.jpg\"><img fetchpriority=\"high\" decoding=\"async\" class=\"alignright  wp-image-603\" src=\"https:\/\/gartenbahn.tuxplay.de\/wp-content\/uploads\/2014\/05\/fichtners.jpg\" alt=\"fichtners\" width=\"610\" height=\"458\" srcset=\"https:\/\/gartenbahn.tuxplay.de\/wp-content\/uploads\/2014\/05\/fichtners.jpg 1024w, https:\/\/gartenbahn.tuxplay.de\/wp-content\/uploads\/2014\/05\/fichtners-300x225.jpg 300w\" sizes=\"(max-width: 610px) 100vw, 610px\" \/><\/a><\/p>\n<p>&nbsp;<\/p>\n<p>&nbsp;<\/p>\n<p>&nbsp;<\/p>\n<p>&nbsp;<\/p>\n<p>&nbsp;<\/p>\n<p>&nbsp;<\/p>\n<p>&nbsp;<\/p>\n<p>&nbsp;<\/p>\n<p>&nbsp;<\/p>\n<p>&nbsp;<\/p>\n<p>&nbsp;<\/p>\n<p>&nbsp;<\/p>\n<p>&nbsp;<\/p>\n<p>Um 10:00 am Samstag traf ich super p\u00fcnktlich im Garten ein, drehte sofort nochmal ab, weil ich die Stainz bei uns vergessen hatte und den Fotoaparat auch.<br \/>\nWir schraubten fast alle Schienen auf den Platten an und bekamen zwischen drin Besuch vom &#8222;Schaffner&#8220; aus dem Massoth-Forum.<br \/>\nMit ihm unterhielten wir uns ca. 1 Stunde und bekamen ein paar Tips zum Thema Flexgleise, da wir ja nun doch einige Meter Schienen liegen haben und immer noch erweitern wollen.<br \/>\nAnschlie\u00dfend guggten Papa und ich uns die Stelle aus, wo die Hammerschmiede stehen soll und diskutierten \u00fcber das noch ben\u00f6tigte Material:<br \/>\n&#8222;Ich habe noch so eine Aquariumpumpe \u00fcbrig, oder habe ich dir die schon gegeben?&#8220; &#8222;N\u00f6 die hast du noch.&#8220; Kopf-kratz: Wo nur nach dem Umzug voriges Jahr; naja mal suchen.<br \/>\nNehmen wir Installationskanal als Bachlauf? Welches Gef\u00e4\u00df f\u00fcr Wasser auf dem Berg und welches unten? etc.<br \/>\nLeider hielt es mich nur 4 Stunden im Garten (Allergie mit Verbrauch von 2 Packungen Tempos in 4 Stunden) und nachdem alle wichtigen Arbeiten inklusive Verdrahtung der Weichendekoder abgeschlossen waren, verschwand ich wieder in meiner Wohnung.<\/p>\n<p>Dienstag nach Ostern der Schock &#8211;&gt; Die Motoren der Hammerschmiede sind kaputt. Papa hatte den Motor f\u00fcr das Wasserrad an die Schienen geklemmt und nix ging.<br \/>\nIch auch nochmal &#8211;&gt; nix. Mist<br \/>\nMittwoch &#8211;&gt; Abendbrot im Garten und einen alten Piko-Trafo im Gep\u00e4ck: &#8222;Papa! Er geht doch!&#8220; &#8211;&gt; Kopf-Kratz wieso? Wechselspannung bei LGB-Trafo und Massoth-Anlage waren gleich. Hmm<br \/>\nMittwoch abend Telefonat mit meinem Mann &#8211;&gt; &#8222;Die Frequenz mein Schatz! Der Piko macht 50 HZ ~.&#8220; &#8222;Die Frequenz??? Das ist ja doof. Und nun?&#8220; Blabalbla technischer Wortsalat &#8211;&gt; &#8222;Ok wir wollen ja eh das Zubeh\u00f6r \u00fcber die LGB-Trafos ansteuern.&#8220; Problem gel\u00f6st \/ umgangen.<br \/>\nFriede &#8211; Freude &#8211; Eierkuchen.<br \/>\nNun mu\u00df ich erstmal mit meiner Schniiiefnase klar kommen und dann gibt es mehr aus Leipzig.<br \/>\n<a href=\"https:\/\/gartenbahn.tuxplay.de\/wordpress\/?page_id=117&amp;wppa-album=62&amp;wppa-cover=0&amp;wppa-occur=1\">Hier<\/a> und <a href=\"https:\/\/gartenbahn.tuxplay.de\/wordpress\/?page_id=117&amp;wppa-album=61&amp;wppa-cover=0&amp;wppa-occur=1\">hier<\/a> die Bilder.<\/p>\n<p>&nbsp;<\/p>\n","protected":false},"excerpt":{"rendered":"<p>Ostersamstag war es soweit: Aufbau im Garten. Papa hatte sich schon am Karfreitag seinen ersten Muskelkater geholt, da er schon alle Gleise ausgelegt hat und hier und dort eine Schraube zur Befestigung. Ich trieb mich an diesem Freitag beim Osterspaziergang mit meinem Mann und allen Fichtners in Ochsensaal rum. Wetter skandal\u00f6s sch\u00f6n, viel Spa\u00df, leckeres Essen, aber alles sollte ich<\/p>\n<p><a class=\"more-link\" href=\"https:\/\/gartenbahn.tuxplay.de\/?page_id=816\">Weiterlesen<\/a><\/p>\n","protected":false},"author":1,"featured_media":0,"parent":1357,"menu_order":2,"comment_status":"closed","ping_status":"closed","template":"","meta":{"footnotes":""},"class_list":["post-816","page","type-page","status-publish","hentry"],"_links":{"self":[{"href":"https:\/\/gartenbahn.tuxplay.de\/index.php?rest_route=\/wp\/v2\/pages\/816","targetHints":{"allow":["GET"]}}],"collection":[{"href":"https:\/\/gartenbahn.tuxplay.de\/index.php?rest_route=\/wp\/v2\/pages"}],"about":[{"href":"https:\/\/gartenbahn.tuxplay.de\/index.php?rest_route=\/wp\/v2\/types\/page"}],"author":[{"embeddable":true,"href":"https:\/\/gartenbahn.tuxplay.de\/index.php?rest_route=\/wp\/v2\/users\/1"}],"replies":[{"embeddable":true,"href":"https:\/\/gartenbahn.tuxplay.de\/index.php?rest_route=%2Fwp%2Fv2%2Fcomments&post=816"}],"version-history":[{"count":3,"href":"https:\/\/gartenbahn.tuxplay.de\/index.php?rest_route=\/wp\/v2\/pages\/816\/revisions"}],"predecessor-version":[{"id":820,"href":"https:\/\/gartenbahn.tuxplay.de\/index.php?rest_route=\/wp\/v2\/pages\/816\/revisions\/820"}],"up":[{"embeddable":true,"href":"https:\/\/gartenbahn.tuxplay.de\/index.php?rest_route=\/wp\/v2\/pages\/1357"}],"wp:attachment":[{"href":"https:\/\/gartenbahn.tuxplay.de\/index.php?rest_route=%2Fwp%2Fv2%2Fmedia&parent=816"}],"curies":[{"name":"wp","href":"https:\/\/api.w.org\/{rel}","templated":true}]}}