{"id":826,"date":"2014-05-30T12:53:31","date_gmt":"2014-05-30T10:53:31","guid":{"rendered":"http:\/\/gartenbahn.tuxplay.de\/?page_id=826"},"modified":"2016-05-23T12:49:10","modified_gmt":"2016-05-23T10:49:10","slug":"mai-09","status":"publish","type":"page","link":"https:\/\/gartenbahn.tuxplay.de\/?page_id=826","title":{"rendered":"Mai 09"},"content":{"rendered":"<p><a href=\"https:\/\/gartenbahn.tuxplay.de\/wp-content\/uploads\/2014\/05\/4.jpg\"><img decoding=\"async\" class=\"alignleft wp-image-641\" src=\"https:\/\/gartenbahn.tuxplay.de\/wp-content\/uploads\/2014\/05\/4.jpg\" alt=\"4\" width=\"133\" height=\"352\" srcset=\"https:\/\/gartenbahn.tuxplay.de\/wp-content\/uploads\/2014\/05\/4.jpg 1143w, https:\/\/gartenbahn.tuxplay.de\/wp-content\/uploads\/2014\/05\/4-113x300.jpg 113w, https:\/\/gartenbahn.tuxplay.de\/wp-content\/uploads\/2014\/05\/4-386x1024.jpg 386w\" sizes=\"(max-width: 133px) 100vw, 133px\" \/><\/a>Und schon wieder hat Papa an den Gleisen gearbeitet.<br \/>\nJetzt hat er aber versprochen, das bis zum Urlaub alles so bleibt, was ich sehr beruhigend f\u00e4nde, wenn er nicht Pfingsten schon seinen Urlaub nehmen w\u00fcrde.<\/p>\n<p>Anl\u00e4sslich unseres ersten Hochzeitstages waren wir (mein Mann und ich) essen und anschlie\u00dfend noch &#8222;kurz&#8220; bei Papa.<br \/>\nWie auch schon voriges Jahr hatten wir Bombenwetter, also schoss ich ein paar Fotos.<br \/>\nKlaus und Papa probierten die selbst gebauten Decoder f\u00fcr Licht, Motoren und Signale aus.<br \/>\nH\u00e4tten wir eine Bedienungsanleitung mit gehabt, w\u00e4ren wir schneller fertig gewesen.<br \/>\nAber so sitzt Klaus jetzt im AZ1 und mucc die Decoder neu programmieren \ud83d\ude09<br \/>\nIch habe die Zeit genutzt und Figuren auf kleine Plexiglasscheiben zu kleben und schick zu verteilen. Diverse Details aufzubauen und das Wetter zu genie\u00dfen.<br \/>\nAlles in allem ein gelungener Tag.<br \/>\nHier und hier die Bilder.<\/p>\n<p>&nbsp;<\/p>\n","protected":false},"excerpt":{"rendered":"<p>Und schon wieder hat Papa an den Gleisen gearbeitet. Jetzt hat er aber versprochen, das bis zum Urlaub alles so bleibt, was ich sehr beruhigend f\u00e4nde, wenn er nicht Pfingsten schon seinen Urlaub nehmen w\u00fcrde. Anl\u00e4sslich unseres ersten Hochzeitstages waren wir (mein Mann und ich) essen und anschlie\u00dfend noch &#8222;kurz&#8220; bei Papa. Wie auch schon voriges Jahr hatten wir Bombenwetter,<\/p>\n<p><a class=\"more-link\" href=\"https:\/\/gartenbahn.tuxplay.de\/?page_id=826\">Weiterlesen<\/a><\/p>\n","protected":false},"author":1,"featured_media":0,"parent":1357,"menu_order":3,"comment_status":"closed","ping_status":"closed","template":"","meta":{"footnotes":""},"class_list":["post-826","page","type-page","status-publish","hentry"],"_links":{"self":[{"href":"https:\/\/gartenbahn.tuxplay.de\/index.php?rest_route=\/wp\/v2\/pages\/826","targetHints":{"allow":["GET"]}}],"collection":[{"href":"https:\/\/gartenbahn.tuxplay.de\/index.php?rest_route=\/wp\/v2\/pages"}],"about":[{"href":"https:\/\/gartenbahn.tuxplay.de\/index.php?rest_route=\/wp\/v2\/types\/page"}],"author":[{"embeddable":true,"href":"https:\/\/gartenbahn.tuxplay.de\/index.php?rest_route=\/wp\/v2\/users\/1"}],"replies":[{"embeddable":true,"href":"https:\/\/gartenbahn.tuxplay.de\/index.php?rest_route=%2Fwp%2Fv2%2Fcomments&post=826"}],"version-history":[{"count":1,"href":"https:\/\/gartenbahn.tuxplay.de\/index.php?rest_route=\/wp\/v2\/pages\/826\/revisions"}],"predecessor-version":[{"id":828,"href":"https:\/\/gartenbahn.tuxplay.de\/index.php?rest_route=\/wp\/v2\/pages\/826\/revisions\/828"}],"up":[{"embeddable":true,"href":"https:\/\/gartenbahn.tuxplay.de\/index.php?rest_route=\/wp\/v2\/pages\/1357"}],"wp:attachment":[{"href":"https:\/\/gartenbahn.tuxplay.de\/index.php?rest_route=%2Fwp%2Fv2%2Fmedia&parent=826"}],"curies":[{"name":"wp","href":"https:\/\/api.w.org\/{rel}","templated":true}]}}