{"id":830,"date":"2014-05-30T12:58:22","date_gmt":"2014-05-30T10:58:22","guid":{"rendered":"http:\/\/gartenbahn.tuxplay.de\/?page_id=830"},"modified":"2016-05-23T12:49:18","modified_gmt":"2016-05-23T10:49:18","slug":"juni-09","status":"publish","type":"page","link":"https:\/\/gartenbahn.tuxplay.de\/?page_id=830","title":{"rendered":"Juni 09"},"content":{"rendered":"<p><img decoding=\"async\" class=\"alignleft\" src=\"https:\/\/gartenbahn.tuxplay.de\/wp-content\/uploads\/wppa\/565.jpg?ver=1\" alt=\"\" width=\"191\" height=\"143\" \/><\/p>\n<p>Heute (07.06.) war ich Schienen z\u00e4hlen.<br \/>\nDa bekommt man ja echt einen an der Backe.<br \/>\nPapa ist im Urlaub und ich habe die Ruhe genutzt und alles verbaute! Material gez\u00e4hlt.<br \/>\nUff. Folgendes kam heraus:<\/p>\n<p>&nbsp;<\/p>\n<p>&nbsp;<\/p>\n<p>&nbsp;<\/p>\n<p>&nbsp;<\/p>\n<p>&nbsp;<\/p>\n<p>Ausgleichgleis gerade L\u00e4nge 52 mm 2<br \/>\nAusgleichgleis gerade L\u00e4nge 82 mm 1<br \/>\nAusziehgleis L\u00e4nge 120 mm 1<br \/>\nElektroweiche links Radius R1 30 3<br \/>\nElektroweiche rechts Radius R1 30 8<br \/>\nGleis gebogen Radius R1 15 1<br \/>\nGleis gebogen Radius R1 30 24<br \/>\nGleis gebogen Radius R2 30 14<br \/>\nGleis gerade L\u00e4nge 1200 mm 13<br \/>\nGleis gerade L\u00e4nge 150 mm 3<br \/>\nGleis gerade L\u00e4nge 300 mm 14<br \/>\nGleis gerade L\u00e4nge 600 mm 27<br \/>\nGleis gerade L\u00e4nge 75 mm 1<\/p>\n<p>Beetfix\u00ae, Randstein 3<br \/>\nRasenm\u00e4hkante 22 cm 38<br \/>\nM\u00e4hfixkante 33 cm 125<br \/>\nRasenkantenstein 100 cm 24<br \/>\nVon diversen Ladungen Splitt und Kies wollen wir garnicht reden.Wir m\u00fc\u00dften jetzt also ca 55,5 Meter Schienen verlegt haben.<br \/>\nInsgesamt stehen 20 Geb\u00e4ude auf der Anlage und wir habe 3 digitalisierte Loks mit 8 G\u00fcterwagons und 3 Personenwagen.<br \/>\nNicht schlecht.<br \/>\nEs ist schon eine stattliche Summe innerhalb der 1,5 Jahre zusammen gekommen.<\/p>\n<p>(16.06.)<br \/>\nSo Papa ist wieder aus dem Urlaub zur\u00fcck.<br \/>\nIm Gep\u00e4ck ein paar Steine, Spagetti in rauen Mengen, 3 Miniaturk\u00fche, 2 Miniaturpferde und einen kranken Hund.<br \/>\nHeute haben wir auch den &#8222;See&#8220; und den Bachlauf f\u00fcr die Hammerschmiede gebaut und die Elektrik verlegt.<br \/>\nTestlauf f\u00fcr das Wasserrad war ein voller Erfolg.<br \/>\nAuch die Pumpe im &#8222;See&#8220; l\u00e4uft super. Da m\u00fcssen wir jetzt nur noch den Schlauch etwas zusammen kneifen,<br \/>\nda der Wasserdruck an der &#8222;Quelle&#8220; zu stark ist.<br \/>\nDer ganze Einsatz hat ca 2,5 Stunden gedauert. Die Elektrosache dann nochmal eine halbe Stunde.<br \/>\nWir sind heil froh, das wir es geschafft haben, da es immer wieder regnete und gewitterte.<br \/>\n<a href=\"https:\/\/gartenbahn.tuxplay.de\/wordpress\/?page_id=117&amp;wppa-album=58&amp;wppa-cover=0&amp;wppa-occur=1\">Hier<\/a> die Bilder des Tages.<\/p>\n<p>(20.06.)<br \/>\nGestern war Gartenfest und wir hatten jede Menge interessierter Leute am Zaun, die uns gelobt haben.<br \/>\nLogischerweise waren auch ein paar Eisenbahner darunter und es wurde kr\u00e4ftig gefachsimpelt.<br \/>\nLeider hatte ich nicht so viel zeit, da bei Schwiemu im Gartenverein auch Gartenfest war und Klaus und ich dort auch hin mu\u00dften.<br \/>\n<a href=\"https:\/\/gartenbahn.tuxplay.de\/wordpress\/?page_id=117&amp;wppa-album=57&amp;wppa-cover=0&amp;wppa-occur=1\">Hier<\/a> die Bilder des Tages.<br \/>\n(27.06.)<br \/>\nIch liebe das Schkeuditzer- Modellbahntreffen.<br \/>\nOk es waren sehr wenig Aussteller fr\u00fch um 10:30 Uhr da, aber f\u00fcr uns war die fr\u00fche Stunde der Gl\u00fcckstreffer:<br \/>\nWIR HABEN UNSERE IV K s\u00e4chsischer Bauart!!!<br \/>\nOk gebraucht, aber tip-top in Ordnung und nun dampft es wieder ohne Ende.<br \/>\n<a href=\"https:\/\/gartenbahn.tuxplay.de\/wordpress\/?page_id=117&amp;wppa-album=56&amp;wppa-cover=0&amp;wppa-occur=1\">Hier<\/a> und <a href=\"https:\/\/gartenbahn.tuxplay.de\/wordpress\/?page_id=117&amp;wppa-album=55&amp;wppa-cover=0&amp;wppa-occur=1\">hier<\/a> die neuesten Bilder.<\/p>\n<p>&nbsp;<\/p>\n","protected":false},"excerpt":{"rendered":"<p>Heute (07.06.) war ich Schienen z\u00e4hlen. Da bekommt man ja echt einen an der Backe. Papa ist im Urlaub und ich habe die Ruhe genutzt und alles verbaute! Material gez\u00e4hlt. Uff. Folgendes kam heraus: &nbsp; &nbsp; &nbsp; &nbsp; &nbsp; Ausgleichgleis gerade L\u00e4nge 52 mm 2 Ausgleichgleis gerade L\u00e4nge 82 mm 1 Ausziehgleis L\u00e4nge 120 mm 1 Elektroweiche links Radius R1<\/p>\n<p><a class=\"more-link\" href=\"https:\/\/gartenbahn.tuxplay.de\/?page_id=830\">Weiterlesen<\/a><\/p>\n","protected":false},"author":1,"featured_media":0,"parent":1357,"menu_order":4,"comment_status":"closed","ping_status":"closed","template":"","meta":{"footnotes":""},"class_list":["post-830","page","type-page","status-publish","hentry"],"_links":{"self":[{"href":"https:\/\/gartenbahn.tuxplay.de\/index.php?rest_route=\/wp\/v2\/pages\/830","targetHints":{"allow":["GET"]}}],"collection":[{"href":"https:\/\/gartenbahn.tuxplay.de\/index.php?rest_route=\/wp\/v2\/pages"}],"about":[{"href":"https:\/\/gartenbahn.tuxplay.de\/index.php?rest_route=\/wp\/v2\/types\/page"}],"author":[{"embeddable":true,"href":"https:\/\/gartenbahn.tuxplay.de\/index.php?rest_route=\/wp\/v2\/users\/1"}],"replies":[{"embeddable":true,"href":"https:\/\/gartenbahn.tuxplay.de\/index.php?rest_route=%2Fwp%2Fv2%2Fcomments&post=830"}],"version-history":[{"count":9,"href":"https:\/\/gartenbahn.tuxplay.de\/index.php?rest_route=\/wp\/v2\/pages\/830\/revisions"}],"predecessor-version":[{"id":840,"href":"https:\/\/gartenbahn.tuxplay.de\/index.php?rest_route=\/wp\/v2\/pages\/830\/revisions\/840"}],"up":[{"embeddable":true,"href":"https:\/\/gartenbahn.tuxplay.de\/index.php?rest_route=\/wp\/v2\/pages\/1357"}],"wp:attachment":[{"href":"https:\/\/gartenbahn.tuxplay.de\/index.php?rest_route=%2Fwp%2Fv2%2Fmedia&parent=830"}],"curies":[{"name":"wp","href":"https:\/\/api.w.org\/{rel}","templated":true}]}}