{"id":841,"date":"2014-05-30T13:04:22","date_gmt":"2014-05-30T11:04:22","guid":{"rendered":"http:\/\/gartenbahn.tuxplay.de\/?page_id=841"},"modified":"2016-05-23T12:49:29","modified_gmt":"2016-05-23T10:49:29","slug":"juli-09","status":"publish","type":"page","link":"https:\/\/gartenbahn.tuxplay.de\/?page_id=841","title":{"rendered":"Juli 09"},"content":{"rendered":"<p>Im Juli gab es wieder einige neue H\u00e4user.<br \/>\nDer original Bahnhof Rosenbach wurde mit einem zweiter Rosenbacheranbau versehen und ist nun endlich sch\u00f6n gro\u00df.<br \/>\nAus dem Mittelteil des zweiten Rosenbachers wird der &#8222;Bergbahnhof&#8220;. Alle Verzierungen wurden weggelassen und damit sieht er anders aus.<br \/>\n<img decoding=\"async\" src=\"https:\/\/gartenbahn.tuxplay.de\/wp-content\/uploads\/wppa\/503.jpg?ver=1\" alt=\"\" width=\"200\" height=\"150\" \/>\u00a0\u00a0\u00a0\u00a0\u00a0\u00a0\u00a0\u00a0\u00a0\u00a0\u00a0\u00a0\u00a0\u00a0\u00a0\u00a0\u00a0 <img decoding=\"async\" src=\"https:\/\/gartenbahn.tuxplay.de\/wp-content\/uploads\/wppa\/511.jpg?ver=1\" alt=\"\" width=\"200\" height=\"150\" \/><br \/>\nEine alte Forsth\u00fctte mu\u00dfte ich unbedingt haben. Sie soll irgendwo auf unserem Haufen Steine stehen.<br \/>\nDa Papa ja italienische K\u00fche und Pferde aus dem Urlaub mitbrachte, brauchten die jetzt auch einen Stall mit Remise. Ihren Durst k\u00f6nnen sie am neuen Dorfbrunnen stillen.<br \/>\n<img decoding=\"async\" class=\"aligncenter\" src=\"https:\/\/gartenbahn.tuxplay.de\/wp-content\/uploads\/wppa\/514.jpg?ver=1\" alt=\"\" width=\"200\" height=\"150\" \/><br \/>\nDas &#8222;Industriegebiet&#8220; wird um eine Baustoffhandlung Ackermann erweitert, leider ist der Maschendrahtzaunbau etwas kompliziert und zieht sich hin.<br \/>\nFast alle Figuren sind nun standfest auf Plexiglas geklebt und begehen keinen Selbstmord mehr auf den Schienen. Ab und zu springt mal noch jemand ins Wasser an der Hammerm\u00fchle, weil es ihm zu hei\u00df auf der Bank ist.<br \/>\nUnsere IV K kann nun, dank Rei\u00dfzwecke und Supermagneten, alle 30 cm bimmeln oder pfeifen. Aus R\u00fccksicht auf die Gartennachbarn haben wir gr\u00f6\u00dfere Abst\u00e4nde gew\u00e4hlt und die Lautst\u00e4rke reduziert, da es uns nach 10 Runden auch etwas st\u00f6rt.<\/p>\n<p>Bilder wieder in der Galerie. <a href=\"https:\/\/gartenbahn.tuxplay.de\/wordpress\/?page_id=117&amp;wppa-cover=0&amp;wppa-occur=1&amp;wppa-album=54\">Hier<\/a> und <a href=\"https:\/\/gartenbahn.tuxplay.de\/wordpress\/?page_id=117&amp;wppa-album=53&amp;wppa-cover=0&amp;wppa-occur=1\">hier.<\/a><\/p>\n","protected":false},"excerpt":{"rendered":"<p>Im Juli gab es wieder einige neue H\u00e4user. Der original Bahnhof Rosenbach wurde mit einem zweiter Rosenbacheranbau versehen und ist nun endlich sch\u00f6n gro\u00df. Aus dem Mittelteil des zweiten Rosenbachers wird der &#8222;Bergbahnhof&#8220;. Alle Verzierungen wurden weggelassen und damit sieht er anders aus. \u00a0\u00a0\u00a0\u00a0\u00a0\u00a0\u00a0\u00a0\u00a0\u00a0\u00a0\u00a0\u00a0\u00a0\u00a0\u00a0\u00a0 Eine alte Forsth\u00fctte mu\u00dfte ich unbedingt haben. Sie soll irgendwo auf unserem Haufen Steine stehen. Da<\/p>\n<p><a class=\"more-link\" href=\"https:\/\/gartenbahn.tuxplay.de\/?page_id=841\">Weiterlesen<\/a><\/p>\n","protected":false},"author":1,"featured_media":0,"parent":1357,"menu_order":5,"comment_status":"closed","ping_status":"closed","template":"","meta":{"footnotes":""},"class_list":["post-841","page","type-page","status-publish","hentry"],"_links":{"self":[{"href":"https:\/\/gartenbahn.tuxplay.de\/index.php?rest_route=\/wp\/v2\/pages\/841","targetHints":{"allow":["GET"]}}],"collection":[{"href":"https:\/\/gartenbahn.tuxplay.de\/index.php?rest_route=\/wp\/v2\/pages"}],"about":[{"href":"https:\/\/gartenbahn.tuxplay.de\/index.php?rest_route=\/wp\/v2\/types\/page"}],"author":[{"embeddable":true,"href":"https:\/\/gartenbahn.tuxplay.de\/index.php?rest_route=\/wp\/v2\/users\/1"}],"replies":[{"embeddable":true,"href":"https:\/\/gartenbahn.tuxplay.de\/index.php?rest_route=%2Fwp%2Fv2%2Fcomments&post=841"}],"version-history":[{"count":1,"href":"https:\/\/gartenbahn.tuxplay.de\/index.php?rest_route=\/wp\/v2\/pages\/841\/revisions"}],"predecessor-version":[{"id":842,"href":"https:\/\/gartenbahn.tuxplay.de\/index.php?rest_route=\/wp\/v2\/pages\/841\/revisions\/842"}],"up":[{"embeddable":true,"href":"https:\/\/gartenbahn.tuxplay.de\/index.php?rest_route=\/wp\/v2\/pages\/1357"}],"wp:attachment":[{"href":"https:\/\/gartenbahn.tuxplay.de\/index.php?rest_route=%2Fwp%2Fv2%2Fmedia&parent=841"}],"curies":[{"name":"wp","href":"https:\/\/api.w.org\/{rel}","templated":true}]}}