{"id":846,"date":"2014-05-30T13:10:47","date_gmt":"2014-05-30T11:10:47","guid":{"rendered":"http:\/\/gartenbahn.tuxplay.de\/?page_id=846"},"modified":"2016-05-23T12:49:45","modified_gmt":"2016-05-23T10:49:45","slug":"september-09","status":"publish","type":"page","link":"https:\/\/gartenbahn.tuxplay.de\/?page_id=846","title":{"rendered":"September 09"},"content":{"rendered":"<p>Langsam bereiteten wir uns auf das Ende der Saison vor und bauten L\u00fcsterklemmen steckbar ein.<br \/>\nSo einfach war das Ganze dann doch nicht.<\/p>\n<p><img decoding=\"async\" class=\"aligncenter\" src=\"https:\/\/gartenbahn.tuxplay.de\/wp-content\/uploads\/wppa\/463.jpg?ver=1\" alt=\"\" width=\"200\" height=\"150\" \/><\/p>\n<p>Papa hatte die Anforderung, das die Klemmen in einer ganz bestimmten Richtung abzuziehen gehen (m\u00e4nnliche Seite musste mit nach Hause).<br \/>\nNach einigen Tests, haben wir es dann auch geschafft, das s\u00e4mtliche Dekoder und andereTeile von der Anlage abgebaut werden k\u00f6nnen, die Dekoder mit in die Wohnung genommen werden und die Lampen (gaaanz praktisch) in den H\u00e4usern bleiben.<\/p>\n<p>Ein neues Regal f\u00fcr die H\u00e4user musste auch gebaut werden, da sie ja im Winter nicht auf der Anlage stehen bleiben sollten.<\/p>\n<p>Mit dem Lichteinbau in Wagons haben wir nun auch angefangen. Leider gibt es davon nur dieses Bild:<\/p>\n<p><img decoding=\"async\" class=\"aligncenter\" src=\"https:\/\/gartenbahn.tuxplay.de\/wp-content\/uploads\/wppa\/472.jpg?ver=1\" alt=\"\" width=\"200\" height=\"150\" \/><\/p>\n<p>Alle Bilder in der Galerie <a href=\"https:\/\/gartenbahn.tuxplay.de\/wordpress\/?page_id=117&amp;wppa-cover=0&amp;wppa-occur=1&amp;wppa-album=50\">hier<\/a>, <a href=\"https:\/\/gartenbahn.tuxplay.de\/wordpress\/?page_id=117&amp;wppa-album=49&amp;wppa-cover=0&amp;wppa-occur=1\">hier <\/a>und <a href=\"https:\/\/gartenbahn.tuxplay.de\/wordpress\/?page_id=117&amp;wppa-album=48&amp;wppa-cover=0&amp;wppa-occur=1\">hier<\/a>. \ud83d\ude09<\/p>\n","protected":false},"excerpt":{"rendered":"<p>Langsam bereiteten wir uns auf das Ende der Saison vor und bauten L\u00fcsterklemmen steckbar ein. So einfach war das Ganze dann doch nicht. Papa hatte die Anforderung, das die Klemmen in einer ganz bestimmten Richtung abzuziehen gehen (m\u00e4nnliche Seite musste mit nach Hause). Nach einigen Tests, haben wir es dann auch geschafft, das s\u00e4mtliche Dekoder und andereTeile von der Anlage<\/p>\n<p><a class=\"more-link\" href=\"https:\/\/gartenbahn.tuxplay.de\/?page_id=846\">Weiterlesen<\/a><\/p>\n","protected":false},"author":1,"featured_media":0,"parent":1357,"menu_order":7,"comment_status":"closed","ping_status":"closed","template":"","meta":{"footnotes":""},"class_list":["post-846","page","type-page","status-publish","hentry"],"_links":{"self":[{"href":"https:\/\/gartenbahn.tuxplay.de\/index.php?rest_route=\/wp\/v2\/pages\/846","targetHints":{"allow":["GET"]}}],"collection":[{"href":"https:\/\/gartenbahn.tuxplay.de\/index.php?rest_route=\/wp\/v2\/pages"}],"about":[{"href":"https:\/\/gartenbahn.tuxplay.de\/index.php?rest_route=\/wp\/v2\/types\/page"}],"author":[{"embeddable":true,"href":"https:\/\/gartenbahn.tuxplay.de\/index.php?rest_route=\/wp\/v2\/users\/1"}],"replies":[{"embeddable":true,"href":"https:\/\/gartenbahn.tuxplay.de\/index.php?rest_route=%2Fwp%2Fv2%2Fcomments&post=846"}],"version-history":[{"count":1,"href":"https:\/\/gartenbahn.tuxplay.de\/index.php?rest_route=\/wp\/v2\/pages\/846\/revisions"}],"predecessor-version":[{"id":847,"href":"https:\/\/gartenbahn.tuxplay.de\/index.php?rest_route=\/wp\/v2\/pages\/846\/revisions\/847"}],"up":[{"embeddable":true,"href":"https:\/\/gartenbahn.tuxplay.de\/index.php?rest_route=\/wp\/v2\/pages\/1357"}],"wp:attachment":[{"href":"https:\/\/gartenbahn.tuxplay.de\/index.php?rest_route=%2Fwp%2Fv2%2Fmedia&parent=846"}],"curies":[{"name":"wp","href":"https:\/\/api.w.org\/{rel}","templated":true}]}}