{"id":848,"date":"2014-05-30T13:12:01","date_gmt":"2014-05-30T11:12:01","guid":{"rendered":"http:\/\/gartenbahn.tuxplay.de\/?page_id=848"},"modified":"2016-05-23T12:49:52","modified_gmt":"2016-05-23T10:49:52","slug":"oktober-09","status":"publish","type":"page","link":"https:\/\/gartenbahn.tuxplay.de\/?page_id=848","title":{"rendered":"Oktober 09"},"content":{"rendered":"<p>Im Oktober nutze Papa das sch\u00f6ne Wetter und nahm den geplanten &#8222;Haufen Dreck&#8220; auf der Wiese in Angriff,<br \/>\ndamit die Erde sich \u00fcber den Winter setzen kann und wir dann keine b\u00f6sen \u00dcberraschungen erleben, wenn wir die Schienen verlegen.<\/p>\n<p><img decoding=\"async\" class=\"aligncenter\" src=\"https:\/\/gartenbahn.tuxplay.de\/wp-content\/uploads\/wppa\/440.jpg?ver=1\" alt=\"\" width=\"200\" height=\"150\" \/><br \/>\nNun ist nur noch wenig Wiese \u00fcbrig.<\/p>\n<p>Bilder wie \u00fcblich <a href=\"https:\/\/gartenbahn.tuxplay.de\/wordpress\/?page_id=117&amp;wppa-cover=0&amp;wppa-occur=1&amp;wppa-album=47\">hier<\/a>.<\/p>\n","protected":false},"excerpt":{"rendered":"<p>Im Oktober nutze Papa das sch\u00f6ne Wetter und nahm den geplanten &#8222;Haufen Dreck&#8220; auf der Wiese in Angriff, damit die Erde sich \u00fcber den Winter setzen kann und wir dann keine b\u00f6sen \u00dcberraschungen erleben, wenn wir die Schienen verlegen. Nun ist nur noch wenig Wiese \u00fcbrig. Bilder wie \u00fcblich hier.<\/p>\n","protected":false},"author":1,"featured_media":0,"parent":1357,"menu_order":8,"comment_status":"closed","ping_status":"closed","template":"","meta":{"footnotes":""},"class_list":["post-848","page","type-page","status-publish","hentry"],"_links":{"self":[{"href":"https:\/\/gartenbahn.tuxplay.de\/index.php?rest_route=\/wp\/v2\/pages\/848","targetHints":{"allow":["GET"]}}],"collection":[{"href":"https:\/\/gartenbahn.tuxplay.de\/index.php?rest_route=\/wp\/v2\/pages"}],"about":[{"href":"https:\/\/gartenbahn.tuxplay.de\/index.php?rest_route=\/wp\/v2\/types\/page"}],"author":[{"embeddable":true,"href":"https:\/\/gartenbahn.tuxplay.de\/index.php?rest_route=\/wp\/v2\/users\/1"}],"replies":[{"embeddable":true,"href":"https:\/\/gartenbahn.tuxplay.de\/index.php?rest_route=%2Fwp%2Fv2%2Fcomments&post=848"}],"version-history":[{"count":1,"href":"https:\/\/gartenbahn.tuxplay.de\/index.php?rest_route=\/wp\/v2\/pages\/848\/revisions"}],"predecessor-version":[{"id":849,"href":"https:\/\/gartenbahn.tuxplay.de\/index.php?rest_route=\/wp\/v2\/pages\/848\/revisions\/849"}],"up":[{"embeddable":true,"href":"https:\/\/gartenbahn.tuxplay.de\/index.php?rest_route=\/wp\/v2\/pages\/1357"}],"wp:attachment":[{"href":"https:\/\/gartenbahn.tuxplay.de\/index.php?rest_route=%2Fwp%2Fv2%2Fmedia&parent=848"}],"curies":[{"name":"wp","href":"https:\/\/api.w.org\/{rel}","templated":true}]}}