{"id":853,"date":"2014-05-30T13:20:09","date_gmt":"2014-05-30T11:20:09","guid":{"rendered":"http:\/\/gartenbahn.tuxplay.de\/?page_id=853"},"modified":"2016-05-23T12:51:10","modified_gmt":"2016-05-23T10:51:10","slug":"maerz-10","status":"publish","type":"page","link":"https:\/\/gartenbahn.tuxplay.de\/?page_id=853","title":{"rendered":"M\u00e4rz 10"},"content":{"rendered":"<p>Unsere Geburtstage sind vorbei und einige Basteleien hat Papa fertiggestellt.<br \/>\nUnsere Gartenlaube hat er im Ma\u00dfstab nachgebaut und einen Schuppen.<br \/>\n<img decoding=\"async\" class=\"aligncenter\" src=\"https:\/\/gartenbahn.tuxplay.de\/wp-content\/uploads\/wppa\/414.jpg?ver=1\" alt=\"\" width=\"200\" height=\"150\" \/><br \/>\nZum Geburtstag bekam Papa den Postboten auf dem Fahrrad und die Telefonzelle.<br \/>\n<img decoding=\"async\" class=\"aligncenter\" src=\"https:\/\/gartenbahn.tuxplay.de\/wp-content\/uploads\/wppa\/416.jpg?ver=1\" alt=\"\" width=\"200\" height=\"150\" \/><\/p>\n<p><img decoding=\"async\" class=\"aligncenter\" src=\"https:\/\/gartenbahn.tuxplay.de\/wp-content\/uploads\/wppa\/415.jpg?ver=1\" alt=\"\" width=\"150\" height=\"200\" \/><br \/>\nIch habe leider nichts f\u00fcr die Eisenbahn bekommen.<br \/>\nDie Schienen haben den Winter gut \u00fcberstanden (sie lagen ja das erste Mal drau\u00dfen). Und der Dreckhaufen mutiert langsam zum Berg.<\/p>\n<p>Bilder vom Februar <a href=\"https:\/\/gartenbahn.tuxplay.de\/wordpress\/?page_id=117&amp;wppa-album=43&amp;wppa-cover=0&amp;wppa-occur=1\">hier<\/a>.<\/p>\n<p>&nbsp;<\/p>\n","protected":false},"excerpt":{"rendered":"<p>Unsere Geburtstage sind vorbei und einige Basteleien hat Papa fertiggestellt. Unsere Gartenlaube hat er im Ma\u00dfstab nachgebaut und einen Schuppen. Zum Geburtstag bekam Papa den Postboten auf dem Fahrrad und die Telefonzelle. Ich habe leider nichts f\u00fcr die Eisenbahn bekommen. Die Schienen haben den Winter gut \u00fcberstanden (sie lagen ja das erste Mal drau\u00dfen). Und der Dreckhaufen mutiert langsam zum<\/p>\n<p><a class=\"more-link\" href=\"https:\/\/gartenbahn.tuxplay.de\/?page_id=853\">Weiterlesen<\/a><\/p>\n","protected":false},"author":1,"featured_media":0,"parent":1361,"menu_order":2,"comment_status":"closed","ping_status":"closed","template":"","meta":{"footnotes":""},"class_list":["post-853","page","type-page","status-publish","hentry"],"_links":{"self":[{"href":"https:\/\/gartenbahn.tuxplay.de\/index.php?rest_route=\/wp\/v2\/pages\/853","targetHints":{"allow":["GET"]}}],"collection":[{"href":"https:\/\/gartenbahn.tuxplay.de\/index.php?rest_route=\/wp\/v2\/pages"}],"about":[{"href":"https:\/\/gartenbahn.tuxplay.de\/index.php?rest_route=\/wp\/v2\/types\/page"}],"author":[{"embeddable":true,"href":"https:\/\/gartenbahn.tuxplay.de\/index.php?rest_route=\/wp\/v2\/users\/1"}],"replies":[{"embeddable":true,"href":"https:\/\/gartenbahn.tuxplay.de\/index.php?rest_route=%2Fwp%2Fv2%2Fcomments&post=853"}],"version-history":[{"count":2,"href":"https:\/\/gartenbahn.tuxplay.de\/index.php?rest_route=\/wp\/v2\/pages\/853\/revisions"}],"predecessor-version":[{"id":857,"href":"https:\/\/gartenbahn.tuxplay.de\/index.php?rest_route=\/wp\/v2\/pages\/853\/revisions\/857"}],"up":[{"embeddable":true,"href":"https:\/\/gartenbahn.tuxplay.de\/index.php?rest_route=\/wp\/v2\/pages\/1361"}],"wp:attachment":[{"href":"https:\/\/gartenbahn.tuxplay.de\/index.php?rest_route=%2Fwp%2Fv2%2Fmedia&parent=853"}],"curies":[{"name":"wp","href":"https:\/\/api.w.org\/{rel}","templated":true}]}}