{"id":855,"date":"2014-05-30T13:20:46","date_gmt":"2014-05-30T11:20:46","guid":{"rendered":"http:\/\/gartenbahn.tuxplay.de\/?page_id=855"},"modified":"2016-05-23T12:51:19","modified_gmt":"2016-05-23T10:51:19","slug":"april-10","status":"publish","type":"page","link":"https:\/\/gartenbahn.tuxplay.de\/?page_id=855","title":{"rendered":"April 10"},"content":{"rendered":"<p>Wie jedes Jahr wurde Ostern der Bahnverkehr im eingeschr\u00e4nkten Betrieb er\u00f6ffnet.<br \/>\nSchienen geputzt und Neue verlegt. Der Dreckhaufen ist jetzt ein echter Berg und wird &#8222;Knock&#8220; genannt.<br \/>\n(Ganz nach der h\u00f6chsten Erhebung im echten Sch\u00f6nheide)<br \/>\nAm Ostersamstag fehlten noch 1,2 m Schiene um den Berg befahren zu k\u00f6nnen, also fuhr ich mal fix die Schienen kaufen.<br \/>\nDa Papa auch das letzte St\u00fcck Schiene verbaut hatte, kaufte ich 2 x 1,2 m und schenkte ihm eine davon zu Ostern.<br \/>\n(Wenn er sich gut benimmt, bekommt er die 2. auch geschenkt)<br \/>\nDer Berg wurde am 19.04. noch zus\u00e4tzlich mit Bodendeckern, wie roter, gelber und bunter Mauerpfeffer und Schleifenblume, Steinsamen und Sternglockenblume bepflanzt.<br \/>\nLassen wir uns \u00fcberraschen was davon auch wirklich w\u00e4chst.<\/p>\n<p><img decoding=\"async\" class=\"aligncenter\" src=\"https:\/\/gartenbahn.tuxplay.de\/wp-content\/uploads\/wppa\/386.jpg?ver=1\" alt=\"\" width=\"200\" height=\"150\" \/><\/p>\n<p>Am 24.04. haben wir dann endlich alle Dekoder wieder angebaut (und sie funktionieren auch alle).<br \/>\nDie neue Pendelstrecke durch Reedkontakte und R\u00fcckmeldemodul ist auch funktionst\u00fcchtig, nachdem wir dort neu programmieren mussten und Probleme hatten die einprogrammierten Loks zu entfernen.<br \/>\nEs war schon lustig, das Papa im Winter alle Loks einprogrammiert hatte, damit sie auf dem Schrank von links nach rechts und zur\u00fcck fahren, ohne das er aufpassen muss. Leider hielt unsere IV K auch laufend mitten auf der Strecke an, wenn die Stainz die Kontakte ausl\u00f6ste. Aber sie fuhr nicht mehr an, oder fuhr dann r\u00fcckw\u00e4rts. Nach ca 1 Stunde entschieden wir uns dann doch f\u00fcr einen Blick in die Bedienungsanleitung der Zentrale (so was machen nur Verzweifelte und Unbegabte). Naja wer lesen kann, ist klar im Vorteil.<br \/>\nJetzt funktioniert es so, wie es soll.<\/p>\n<p><img decoding=\"async\" class=\"aligncenter\" src=\"https:\/\/gartenbahn.tuxplay.de\/wp-content\/uploads\/wppa\/375.jpg?ver=1\" alt=\"\" width=\"200\" height=\"150\" \/><\/p>\n<p>Bilder in der Bildergallerie \ud83d\ude42<\/p>\n","protected":false},"excerpt":{"rendered":"<p>Wie jedes Jahr wurde Ostern der Bahnverkehr im eingeschr\u00e4nkten Betrieb er\u00f6ffnet. Schienen geputzt und Neue verlegt. Der Dreckhaufen ist jetzt ein echter Berg und wird &#8222;Knock&#8220; genannt. (Ganz nach der h\u00f6chsten Erhebung im echten Sch\u00f6nheide) Am Ostersamstag fehlten noch 1,2 m Schiene um den Berg befahren zu k\u00f6nnen, also fuhr ich mal fix die Schienen kaufen. Da Papa auch das<\/p>\n<p><a class=\"more-link\" href=\"https:\/\/gartenbahn.tuxplay.de\/?page_id=855\">Weiterlesen<\/a><\/p>\n","protected":false},"author":1,"featured_media":0,"parent":1361,"menu_order":3,"comment_status":"closed","ping_status":"closed","template":"","meta":{"footnotes":""},"class_list":["post-855","page","type-page","status-publish","hentry"],"_links":{"self":[{"href":"https:\/\/gartenbahn.tuxplay.de\/index.php?rest_route=\/wp\/v2\/pages\/855","targetHints":{"allow":["GET"]}}],"collection":[{"href":"https:\/\/gartenbahn.tuxplay.de\/index.php?rest_route=\/wp\/v2\/pages"}],"about":[{"href":"https:\/\/gartenbahn.tuxplay.de\/index.php?rest_route=\/wp\/v2\/types\/page"}],"author":[{"embeddable":true,"href":"https:\/\/gartenbahn.tuxplay.de\/index.php?rest_route=\/wp\/v2\/users\/1"}],"replies":[{"embeddable":true,"href":"https:\/\/gartenbahn.tuxplay.de\/index.php?rest_route=%2Fwp%2Fv2%2Fcomments&post=855"}],"version-history":[{"count":3,"href":"https:\/\/gartenbahn.tuxplay.de\/index.php?rest_route=\/wp\/v2\/pages\/855\/revisions"}],"predecessor-version":[{"id":859,"href":"https:\/\/gartenbahn.tuxplay.de\/index.php?rest_route=\/wp\/v2\/pages\/855\/revisions\/859"}],"up":[{"embeddable":true,"href":"https:\/\/gartenbahn.tuxplay.de\/index.php?rest_route=\/wp\/v2\/pages\/1361"}],"wp:attachment":[{"href":"https:\/\/gartenbahn.tuxplay.de\/index.php?rest_route=%2Fwp%2Fv2%2Fmedia&parent=855"}],"curies":[{"name":"wp","href":"https:\/\/api.w.org\/{rel}","templated":true}]}}