{"id":860,"date":"2014-05-30T13:30:16","date_gmt":"2014-05-30T11:30:16","guid":{"rendered":"http:\/\/gartenbahn.tuxplay.de\/?page_id=860"},"modified":"2016-05-23T12:51:30","modified_gmt":"2016-05-23T10:51:30","slug":"860-2","status":"publish","type":"page","link":"https:\/\/gartenbahn.tuxplay.de\/?page_id=860","title":{"rendered":"Mai 10"},"content":{"rendered":"<p>So toll war das Wetter bis jetzt ja nicht.<br \/>\nLaufend Regen und alles patschenass.<br \/>\nDer hei\u00df ersehnte<a href=\"https:\/\/gartenbahn.tuxplay.de\/wordpress\/?page_id=117&amp;wppa-album=38&amp;wppa-cover=0&amp;wppa-occur=1\"> Funksender<\/a> f\u00fcr das R\u00fcckmeldemodul wurde geliefert, aber leider hat das R\u00fcckmeldemodul jetzt die falsche Firmenversion und so funktioniert es immer noch nicht mit dem Funk.<br \/>\nWir haben Papa ein 15m Kabel gegeben und da es schwarz ist, f\u00e4llt es in der Freiverdrahtung nicht all zu sehr auf.<\/p>\n<p>Als es wieder mal Mistwetter war, haben wir uns einen <a href=\"https:\/\/gartenbahn.tuxplay.de\/wordpress\/?page_id=117&amp;wppa-album=37&amp;wppa-cover=0&amp;wppa-occur=1\">Hochstand<\/a> aus Raketenst\u00e4ben und Zahnstochern gebaut.<br \/>\nNun sitzt unser F\u00f6rster \u00fcber den Dingen und raucht gem\u00fctlich seine Pfeife.<br \/>\n<img decoding=\"async\" class=\"aligncenter\" src=\"https:\/\/gartenbahn.tuxplay.de\/wp-content\/uploads\/wppa\/336.jpg?ver=1\" alt=\"\" width=\"200\" height=\"150\" \/><br \/>\nEinen Scheich- Pferdewagen musste ich unbedingt haben und nun stehen die Leute wieder am Zaun und guggen, was es Neues gibt auf der Anlage.<\/p>\n<p>Unsere ewige Baustelle (sollte mal ein G\u00fcterschuppen werden) sorgt f\u00fcr ausreichend Kommentare.<br \/>\nDa der Kran dazu nicht wetterfest ist, m\u00fcssen wir dann immer Ausreden erfinden, wo der hin ist.<br \/>\nDie besten Ausreden: &#8220; Eine andere Baustelle hat mehr Geld geboten und er wurde abgezogen, da unser Steinlieferant gerade Lieferschwierigkeiten hat. Naja die Wirtschaftskriese&#8230;&#8220; oder auch &#8222;Die Kranfirma ist pleite und der Gerichtvollzieher hat den Kran abholen lassen.&#8220;<\/p>\n<p><a href=\"https:\/\/gartenbahn.tuxplay.de\/wordpress\/?page_id=117&amp;wppa-cover=0&amp;wppa-occur=1&amp;wppa-album=36\">Gestern<\/a> haben uns Gartenfreunde eingeredet, wir m\u00fcssen unsere Stra\u00dfe im Beet am Zaun bis zum Beet am Weg verlegen und der Cosputenersee soll im Beet am Zaun entstehen.<br \/>\nAu\u00dferdem fehlt seit 2 Jahren der Flughafen Halle\/Leipzig. Eine Bierbahnverbindung im Entw\u00e4sserungsgraben von Papa bis weiterhinten auf dem Gang w\u00e4re auch nicht schlecht.<br \/>\nDa sieht man mal, was f\u00fcr Ideen die so haben. Ich meinte dann nur trocken: &#8222;Gebt uns f\u00fcr den Flughafen ca. 1000 \u20ac und wir bauen ihn. See, Stra\u00dfe und den neuen Gleisanschluss naja ca 500 \u20ac k\u00f6nnten reichen.&#8220;<br \/>\nUpps da wurde ein sch\u00f6nes Pfingsten gew\u00fcnscht und am n\u00e4chsten Garten geschnattert.<br \/>\nWenn wir weiter so bauen und gestalten, gewinnen wir irgendwann einen Preis f\u00fcr den interessantesten Garten im Verein.<\/p>\n<p>&nbsp;<\/p>\n","protected":false},"excerpt":{"rendered":"<p>So toll war das Wetter bis jetzt ja nicht. Laufend Regen und alles patschenass. Der hei\u00df ersehnte Funksender f\u00fcr das R\u00fcckmeldemodul wurde geliefert, aber leider hat das R\u00fcckmeldemodul jetzt die falsche Firmenversion und so funktioniert es immer noch nicht mit dem Funk. Wir haben Papa ein 15m Kabel gegeben und da es schwarz ist, f\u00e4llt es in der Freiverdrahtung nicht<\/p>\n<p><a class=\"more-link\" href=\"https:\/\/gartenbahn.tuxplay.de\/?page_id=860\">Weiterlesen<\/a><\/p>\n","protected":false},"author":1,"featured_media":0,"parent":1361,"menu_order":4,"comment_status":"closed","ping_status":"closed","template":"","meta":{"footnotes":""},"class_list":["post-860","page","type-page","status-publish","hentry"],"_links":{"self":[{"href":"https:\/\/gartenbahn.tuxplay.de\/index.php?rest_route=\/wp\/v2\/pages\/860","targetHints":{"allow":["GET"]}}],"collection":[{"href":"https:\/\/gartenbahn.tuxplay.de\/index.php?rest_route=\/wp\/v2\/pages"}],"about":[{"href":"https:\/\/gartenbahn.tuxplay.de\/index.php?rest_route=\/wp\/v2\/types\/page"}],"author":[{"embeddable":true,"href":"https:\/\/gartenbahn.tuxplay.de\/index.php?rest_route=\/wp\/v2\/users\/1"}],"replies":[{"embeddable":true,"href":"https:\/\/gartenbahn.tuxplay.de\/index.php?rest_route=%2Fwp%2Fv2%2Fcomments&post=860"}],"version-history":[{"count":2,"href":"https:\/\/gartenbahn.tuxplay.de\/index.php?rest_route=\/wp\/v2\/pages\/860\/revisions"}],"predecessor-version":[{"id":870,"href":"https:\/\/gartenbahn.tuxplay.de\/index.php?rest_route=\/wp\/v2\/pages\/860\/revisions\/870"}],"up":[{"embeddable":true,"href":"https:\/\/gartenbahn.tuxplay.de\/index.php?rest_route=\/wp\/v2\/pages\/1361"}],"wp:attachment":[{"href":"https:\/\/gartenbahn.tuxplay.de\/index.php?rest_route=%2Fwp%2Fv2%2Fmedia&parent=860"}],"curies":[{"name":"wp","href":"https:\/\/api.w.org\/{rel}","templated":true}]}}