{"id":862,"date":"2014-05-30T13:33:51","date_gmt":"2014-05-30T11:33:51","guid":{"rendered":"http:\/\/gartenbahn.tuxplay.de\/?page_id=862"},"modified":"2016-05-23T12:51:42","modified_gmt":"2016-05-23T10:51:42","slug":"oktober-10","status":"publish","type":"page","link":"https:\/\/gartenbahn.tuxplay.de\/?page_id=862","title":{"rendered":"Oktober 10"},"content":{"rendered":"<p>Lange ist auf der Seite nichts mehr aktualisiert wurden, da einfach keine Zeit war.<\/p>\n<p><img fetchpriority=\"high\" decoding=\"async\" class=\"alignleft\" src=\"https:\/\/gartenbahn.tuxplay.de\/wp-content\/uploads\/wppa\/331.jpg?ver=1\" alt=\"\" width=\"200\" height=\"267\" \/><\/p>\n<p>&nbsp;<\/p>\n<p>&nbsp;<br \/>\nAber nun fasse ich das Wichtigste zusammen:<br \/>\nIm Juni war Urlaubspause und es geschah nicht viel. Papa trieb sich wieder in Italien rum und wir waren in Wusterwitz bei Brandenburg.<br \/>\nMitbringsel waren ein Stier und ein Toilettenhaus aus Italien, Gartenbahn zur Gartenbahn und diverse Blechschilder aus Deutschland.<br \/>\n&nbsp;<\/p>\n<p>&nbsp;<\/p>\n<p><img decoding=\"async\" class=\"aligncenter\" src=\"https:\/\/gartenbahn.tuxplay.de\/wp-content\/uploads\/wppa\/327.jpg?ver=1\" alt=\"\" width=\"200\" height=\"150\" \/><br \/>\nIm Juli wurden ein paar B\u00e4ume am Tunnel entfernt und teilweise versetzt, genauso erging es den B\u00e4umen im &#8222;Wald&#8220; am Bahnhof &#8222;Scheehadd Mitte&#8220;.<br \/>\nDer Berg hat neue Pflanzen bekommen und sieht nun aus, alsob er schon seit Jahren dort ist und genau so sein muss.<br \/>\nEr ist uns wirklich gelungen.<br \/>\nDen Sommer \u00fcber gab es mehrere kleine Basteleien, die aber haupts\u00e4chlich Reparaturen waren und es wurden W\u00fcnsche ge\u00e4u\u00dfert und geplant.<br \/>\nPapa m\u00f6chte nun den Haltepunkt &#8222;Knox&#8220; nicht mehr als Endpunkt, sondern er m\u00f6chte ihn in das Schienennetz einbinden. Die Schienen sollen dann am Teich einm\u00fcnden. Kostenvoranschlag ca. 300\u20ac.<br \/>\nDas Harzkamel wollte er auch unbedingt haben. Also legen wir alle zu Weihnachten zusammen und schenken es ihm. Gekauft ist es schon und nach anf\u00e4nglichen Problemen f\u00e4hrt es auch.<br \/>\n(Danke an Massoth f\u00fcr die n\u00f6tigen Erkl\u00e4rungen und Herrn Bemmann f\u00fcr die Geduld mit uns)<br \/>\nJetzt fehlt daf\u00fcr nur noch der Dekoder.<br \/>\nDie n\u00f6tigen Schienen f\u00fcr die Erweiterung haben wir auch gekauft, aber nun m\u00fcssen wir Br\u00fcckenpfeiler bauen. Das wird die Winteraufgabe.<br \/>\nIch habe mir den Bausatz f\u00fcr die Saat- und Futtermittelhandlung gekauft und wenn ich irgendwann mal Zeit habe, baue ich ihn auch zusammen.<\/p>\n<p>Das waren die wichtigsten Neuheiten des Sommers\/Herbsts 2010.<\/p>\n<p>Alle Bilder <a href=\"https:\/\/gartenbahn.tuxplay.de\/wordpress\/?page_id=117&amp;wppa-album=30&amp;wppa-cover=0&amp;wppa-occur=1\">hier<\/a><\/p>\n<p>&nbsp;<\/p>\n","protected":false},"excerpt":{"rendered":"<p>Lange ist auf der Seite nichts mehr aktualisiert wurden, da einfach keine Zeit war. &nbsp; &nbsp; Aber nun fasse ich das Wichtigste zusammen: Im Juni war Urlaubspause und es geschah nicht viel. Papa trieb sich wieder in Italien rum und wir waren in Wusterwitz bei Brandenburg. Mitbringsel waren ein Stier und ein Toilettenhaus aus Italien, Gartenbahn zur Gartenbahn und diverse<\/p>\n<p><a class=\"more-link\" href=\"https:\/\/gartenbahn.tuxplay.de\/?page_id=862\">Weiterlesen<\/a><\/p>\n","protected":false},"author":1,"featured_media":0,"parent":1361,"menu_order":5,"comment_status":"closed","ping_status":"closed","template":"","meta":{"footnotes":""},"class_list":["post-862","page","type-page","status-publish","hentry"],"_links":{"self":[{"href":"https:\/\/gartenbahn.tuxplay.de\/index.php?rest_route=\/wp\/v2\/pages\/862","targetHints":{"allow":["GET"]}}],"collection":[{"href":"https:\/\/gartenbahn.tuxplay.de\/index.php?rest_route=\/wp\/v2\/pages"}],"about":[{"href":"https:\/\/gartenbahn.tuxplay.de\/index.php?rest_route=\/wp\/v2\/types\/page"}],"author":[{"embeddable":true,"href":"https:\/\/gartenbahn.tuxplay.de\/index.php?rest_route=\/wp\/v2\/users\/1"}],"replies":[{"embeddable":true,"href":"https:\/\/gartenbahn.tuxplay.de\/index.php?rest_route=%2Fwp%2Fv2%2Fcomments&post=862"}],"version-history":[{"count":1,"href":"https:\/\/gartenbahn.tuxplay.de\/index.php?rest_route=\/wp\/v2\/pages\/862\/revisions"}],"predecessor-version":[{"id":863,"href":"https:\/\/gartenbahn.tuxplay.de\/index.php?rest_route=\/wp\/v2\/pages\/862\/revisions\/863"}],"up":[{"embeddable":true,"href":"https:\/\/gartenbahn.tuxplay.de\/index.php?rest_route=\/wp\/v2\/pages\/1361"}],"wp:attachment":[{"href":"https:\/\/gartenbahn.tuxplay.de\/index.php?rest_route=%2Fwp%2Fv2%2Fmedia&parent=862"}],"curies":[{"name":"wp","href":"https:\/\/api.w.org\/{rel}","templated":true}]}}