{"id":864,"date":"2014-05-30T13:37:32","date_gmt":"2014-05-30T11:37:32","guid":{"rendered":"http:\/\/gartenbahn.tuxplay.de\/?page_id=864"},"modified":"2016-05-23T12:52:32","modified_gmt":"2016-05-23T10:52:32","slug":"januar-11","status":"publish","type":"page","link":"https:\/\/gartenbahn.tuxplay.de\/?page_id=864","title":{"rendered":"Januar 11"},"content":{"rendered":"<p>Mein Gott war das Jahr schnell vorbei.<br \/>\nIm Oktober bauten wir noch unsere Anlage ab, machten Pl\u00e4ne f\u00fcr die Erweiterung und nun haben wir schon ein neues Jahr.<br \/>\nIm November begannen die Bastelversuche f\u00fcr unseren Br\u00fcckenbau im heimischen Wohnzimmer bzw. der K\u00fcche. Es wurde Gips gekauft und alte Best\u00e4nde von Piko, Pola und co nach verwertbaren Materialien durchsucht, da die Br\u00fcckenpfeiler eine Struktur erhalten sollen.<br \/>\nMit dem Dremel oder \u00c4hnlichem, wollten wir nicht rumhantieren. (&#8222;Das ist Knastarbeit&#8220; Zitat Papa)<br \/>\nEndlich fanden wir noch ein paar Plasteteile, die optisch der Viadukt Br\u00fccke von Pola \u00e4hneln.<br \/>\nDiese wurden nun zu einer Negativform zusammengelegt und das gro\u00dfe Gematsche ging los.<br \/>\nBis Weihnachten sah man nicht viel. Aber es wurde Bohnerwachs als Trennmittel bevorzugt.<br \/>\nWeihnachten gab es das Harzkamel mit Massoth-Decoder f\u00fcr Papa und mich. Wir haben uns also Geld schenken lassen und sind zufrieden mit der Lok.<br \/>\n<img fetchpriority=\"high\" decoding=\"async\" src=\"https:\/\/gartenbahn.tuxplay.de\/wp-content\/uploads\/wppa\/286.jpg?ver=1\" alt=\"\" width=\"300\" height=\"225\" \/><\/p>\n<p>Allerdings dauerte es etwas, bis wir die Lok in der Lautst\u00e4rke so gedrosselt hatten, dass man ohne Ohrenzuhalten im gleichen Zimmer sein konnte.<br \/>\nDa das Harzkamel nun doch etwas lang ist, reicht der Platz auf der Anbauwand nicht mehr aus und die Schienen liegen nun in einer Gerade von ca 3,50 m auf dem Fu\u00dfboden. Wie wir da im Februar Papas 60-sten feiern wollen ist mir auch noch nicht klar.<br \/>\n<a href=\"https:\/\/gartenbahn.tuxplay.de\/wp-content\/uploads\/2014\/05\/6.jpg\"><img decoding=\"async\" class=\"aligncenter wp-image-639 size-full\" src=\"https:\/\/gartenbahn.tuxplay.de\/wp-content\/uploads\/2014\/05\/6.jpg\" alt=\"6\" width=\"220\" height=\"79\" \/><\/a><br \/>\nDas &#8222;Hochwasser&#8220; in Leipzig hat den Garten nicht erreicht und damit gibt es auch keine Sch\u00e4den zu vermelden.<br \/>\nJetzt freut sich Papa schon auf seinen Geburtstag, da wir alle f\u00fcr eine Schienenschleiflok zusammenlegen.<br \/>\nEr musste sich schon kleine Spitzen gefallen lassen: &#8220; Ja du musst jetzt langsam an Erleichterung beim Putzen denken. Als Sechzigj\u00e4hriger ist man nicht mehr so beweglich.&#8220; &#8222;Willst du nicht die Schienen alle auf eine H\u00f6he von 1,40 m hochholen, dann musst du dich nicht mehr b\u00fccken.&#8220;<\/p>\n<p><a href=\"https:\/\/gartenbahn.tuxplay.de\/wp-content\/uploads\/2014\/05\/7.jpg\"><img decoding=\"async\" class=\"alignleft  wp-image-640\" src=\"https:\/\/gartenbahn.tuxplay.de\/wp-content\/uploads\/2014\/05\/7.jpg\" alt=\"7\" width=\"609\" height=\"236\" srcset=\"https:\/\/gartenbahn.tuxplay.de\/wp-content\/uploads\/2014\/05\/7.jpg 991w, https:\/\/gartenbahn.tuxplay.de\/wp-content\/uploads\/2014\/05\/7-300x115.jpg 300w\" sizes=\"(max-width: 609px) 100vw, 609px\" \/><\/a><\/p>\n<p>&nbsp;<\/p>\n<p>&nbsp;<\/p>\n<p>&nbsp;<\/p>\n<p>&nbsp;<\/p>\n<p>&nbsp;<\/p>\n<p>&nbsp;<br \/>\nIch hab mir zum Geburtstag das S\u00e4gewerk gew\u00fcnscht, werde es aber nicht bekommen. Papa will es selber bauen. Na mal sehen, was da raus kommt.<\/p>\n<p>&nbsp;<\/p>\n","protected":false},"excerpt":{"rendered":"<p>Mein Gott war das Jahr schnell vorbei. Im Oktober bauten wir noch unsere Anlage ab, machten Pl\u00e4ne f\u00fcr die Erweiterung und nun haben wir schon ein neues Jahr. Im November begannen die Bastelversuche f\u00fcr unseren Br\u00fcckenbau im heimischen Wohnzimmer bzw. der K\u00fcche. Es wurde Gips gekauft und alte Best\u00e4nde von Piko, Pola und co nach verwertbaren Materialien durchsucht, da die<\/p>\n<p><a class=\"more-link\" href=\"https:\/\/gartenbahn.tuxplay.de\/?page_id=864\">Weiterlesen<\/a><\/p>\n","protected":false},"author":1,"featured_media":0,"parent":1363,"menu_order":1,"comment_status":"closed","ping_status":"closed","template":"","meta":{"footnotes":""},"class_list":["post-864","page","type-page","status-publish","hentry"],"_links":{"self":[{"href":"https:\/\/gartenbahn.tuxplay.de\/index.php?rest_route=\/wp\/v2\/pages\/864","targetHints":{"allow":["GET"]}}],"collection":[{"href":"https:\/\/gartenbahn.tuxplay.de\/index.php?rest_route=\/wp\/v2\/pages"}],"about":[{"href":"https:\/\/gartenbahn.tuxplay.de\/index.php?rest_route=\/wp\/v2\/types\/page"}],"author":[{"embeddable":true,"href":"https:\/\/gartenbahn.tuxplay.de\/index.php?rest_route=\/wp\/v2\/users\/1"}],"replies":[{"embeddable":true,"href":"https:\/\/gartenbahn.tuxplay.de\/index.php?rest_route=%2Fwp%2Fv2%2Fcomments&post=864"}],"version-history":[{"count":1,"href":"https:\/\/gartenbahn.tuxplay.de\/index.php?rest_route=\/wp\/v2\/pages\/864\/revisions"}],"predecessor-version":[{"id":865,"href":"https:\/\/gartenbahn.tuxplay.de\/index.php?rest_route=\/wp\/v2\/pages\/864\/revisions\/865"}],"up":[{"embeddable":true,"href":"https:\/\/gartenbahn.tuxplay.de\/index.php?rest_route=\/wp\/v2\/pages\/1363"}],"wp:attachment":[{"href":"https:\/\/gartenbahn.tuxplay.de\/index.php?rest_route=%2Fwp%2Fv2%2Fmedia&parent=864"}],"curies":[{"name":"wp","href":"https:\/\/api.w.org\/{rel}","templated":true}]}}