{"id":866,"date":"2014-05-30T13:39:03","date_gmt":"2014-05-30T11:39:03","guid":{"rendered":"http:\/\/gartenbahn.tuxplay.de\/?page_id=866"},"modified":"2016-05-23T12:52:42","modified_gmt":"2016-05-23T10:52:42","slug":"maerz-11","status":"publish","type":"page","link":"https:\/\/gartenbahn.tuxplay.de\/?page_id=866","title":{"rendered":"M\u00e4rz 11"},"content":{"rendered":"<p>Die Geburtstage sind erfolgreich \u00fcberstanden.<br \/>\nPapas Lok hatte super p\u00fcnktlich geklappt, aber mein S\u00e4gewerk nicht.<br \/>\nEr hatte es doch bestellt und leider wurde es bis heute nicht geliefert. Schade.<br \/>\nDie Bauarbeiten an der Anlage nehmen langsam Gestalt an. Es wird wieder ges\u00e4gt, geh\u00e4mmert und Beton gegossen, aber seht selbst.<br \/>\n<img fetchpriority=\"high\" decoding=\"async\" class=\"aligncenter\" src=\"https:\/\/gartenbahn.tuxplay.de\/wp-content\/uploads\/wppa\/287.jpg?ver=1\" alt=\"\" width=\"300\" height=\"225\" \/><br \/>\n<a href=\"https:\/\/gartenbahn.tuxplay.de\/wordpress\/?page_id=117&amp;wppa-album=29&amp;wppa-cover=0&amp;wppa-occur=1\">Galerie<\/a><\/p>\n<p>&nbsp;<\/p>\n","protected":false},"excerpt":{"rendered":"<p>Die Geburtstage sind erfolgreich \u00fcberstanden. Papas Lok hatte super p\u00fcnktlich geklappt, aber mein S\u00e4gewerk nicht. Er hatte es doch bestellt und leider wurde es bis heute nicht geliefert. Schade. Die Bauarbeiten an der Anlage nehmen langsam Gestalt an. Es wird wieder ges\u00e4gt, geh\u00e4mmert und Beton gegossen, aber seht selbst. Galerie &nbsp;<\/p>\n","protected":false},"author":1,"featured_media":0,"parent":1363,"menu_order":2,"comment_status":"closed","ping_status":"closed","template":"","meta":{"footnotes":""},"class_list":["post-866","page","type-page","status-publish","hentry"],"_links":{"self":[{"href":"https:\/\/gartenbahn.tuxplay.de\/index.php?rest_route=\/wp\/v2\/pages\/866","targetHints":{"allow":["GET"]}}],"collection":[{"href":"https:\/\/gartenbahn.tuxplay.de\/index.php?rest_route=\/wp\/v2\/pages"}],"about":[{"href":"https:\/\/gartenbahn.tuxplay.de\/index.php?rest_route=\/wp\/v2\/types\/page"}],"author":[{"embeddable":true,"href":"https:\/\/gartenbahn.tuxplay.de\/index.php?rest_route=\/wp\/v2\/users\/1"}],"replies":[{"embeddable":true,"href":"https:\/\/gartenbahn.tuxplay.de\/index.php?rest_route=%2Fwp%2Fv2%2Fcomments&post=866"}],"version-history":[{"count":1,"href":"https:\/\/gartenbahn.tuxplay.de\/index.php?rest_route=\/wp\/v2\/pages\/866\/revisions"}],"predecessor-version":[{"id":867,"href":"https:\/\/gartenbahn.tuxplay.de\/index.php?rest_route=\/wp\/v2\/pages\/866\/revisions\/867"}],"up":[{"embeddable":true,"href":"https:\/\/gartenbahn.tuxplay.de\/index.php?rest_route=\/wp\/v2\/pages\/1363"}],"wp:attachment":[{"href":"https:\/\/gartenbahn.tuxplay.de\/index.php?rest_route=%2Fwp%2Fv2%2Fmedia&parent=866"}],"curies":[{"name":"wp","href":"https:\/\/api.w.org\/{rel}","templated":true}]}}