{"id":868,"date":"2014-05-30T13:42:33","date_gmt":"2014-05-30T11:42:33","guid":{"rendered":"http:\/\/gartenbahn.tuxplay.de\/?page_id=868"},"modified":"2016-05-23T12:53:09","modified_gmt":"2016-05-23T10:53:09","slug":"mai-11","status":"publish","type":"page","link":"https:\/\/gartenbahn.tuxplay.de\/?page_id=868","title":{"rendered":"Mai 11"},"content":{"rendered":"<p>Der Jammer ist gro\u00df.<br \/>\nMein Geburtstagsgeschenk von Papa (S\u00e4gewerk) wird wohl ein Weihnachtgeschenk, wenn ich Gl\u00fcck habe.<br \/>\nTrotzdem haben wir schon mal einen Holz- Zug zusammengestellt.<br \/>\n<img fetchpriority=\"high\" decoding=\"async\" class=\"aligncenter\" src=\"https:\/\/gartenbahn.tuxplay.de\/wp-content\/uploads\/wppa\/247.jpg?ver=1\" alt=\"\" width=\"300\" height=\"225\" \/><\/p>\n<p>Am <a href=\"https:\/\/gartenbahn.tuxplay.de\/wordpress\/?page_id=117&amp;wppa-album=25&amp;wppa-cover=0&amp;wppa-occur=1\">15. Mai<\/a> haben wir auch festgestellt, dass unsere Loktraktion &#8222;nur&#8220; 4 Loks zusammen-fasst.<br \/>\nEs war sehr interessant, wie unterschiedlich schnell die Loks eigentlich fahren, obwohl alle auf die gleiche Fahrstufenanzahl gestellt sind.<br \/>\nDas Harzkamel ben\u00f6tigt ca 2 Runden, um alle anderen Loks einzuholen (trotz Traktion).<br \/>\n<img decoding=\"async\" class=\"aligncenter\" src=\"https:\/\/gartenbahn.tuxplay.de\/wp-content\/uploads\/wppa\/250.jpg?ver=1\" alt=\"\" width=\"300\" height=\"225\" \/><br \/>\nMeine selbstgebastelten K\u00e4sest\u00fccke hat der Regen etwas aufgel\u00f6st, so dass es aussieht als ob der K\u00e4se in der Sonne geschmolzen ist.<br \/>\nIch finde das witzig.<br \/>\n<img decoding=\"async\" class=\"aligncenter\" src=\"https:\/\/gartenbahn.tuxplay.de\/wp-content\/uploads\/wppa\/254.jpg?ver=1\" alt=\"\" width=\"300\" height=\"225\" \/><br \/>\nDie K\u00e4sest\u00fccke sind aus lufttrocknender Modelliermasse<br \/>\n(h\u00e4tte man sich denken k\u00f6nnen, das die nicht wetterfest ist)<br \/>\nAnsonsten alles ok auf unserer Anlage. Es bl\u00fcht und w\u00e4chst ohne Ende.<br \/>\nFahrtage sind selten geworden, da Opas Krankenhausaufenthalt l\u00e4nger als geplant geht und Papa nun seinen und Opas Doppelgarten pflegen muss.<br \/>\nAber das wird schon wieder.<\/p>\n<p>&nbsp;<\/p>\n","protected":false},"excerpt":{"rendered":"<p>Der Jammer ist gro\u00df. Mein Geburtstagsgeschenk von Papa (S\u00e4gewerk) wird wohl ein Weihnachtgeschenk, wenn ich Gl\u00fcck habe. Trotzdem haben wir schon mal einen Holz- Zug zusammengestellt. Am 15. Mai haben wir auch festgestellt, dass unsere Loktraktion &#8222;nur&#8220; 4 Loks zusammen-fasst. Es war sehr interessant, wie unterschiedlich schnell die Loks eigentlich fahren, obwohl alle auf die gleiche Fahrstufenanzahl gestellt sind. Das<\/p>\n<p><a class=\"more-link\" href=\"https:\/\/gartenbahn.tuxplay.de\/?page_id=868\">Weiterlesen<\/a><\/p>\n","protected":false},"author":1,"featured_media":0,"parent":1363,"menu_order":3,"comment_status":"closed","ping_status":"closed","template":"","meta":{"footnotes":""},"class_list":["post-868","page","type-page","status-publish","hentry"],"_links":{"self":[{"href":"https:\/\/gartenbahn.tuxplay.de\/index.php?rest_route=\/wp\/v2\/pages\/868","targetHints":{"allow":["GET"]}}],"collection":[{"href":"https:\/\/gartenbahn.tuxplay.de\/index.php?rest_route=\/wp\/v2\/pages"}],"about":[{"href":"https:\/\/gartenbahn.tuxplay.de\/index.php?rest_route=\/wp\/v2\/types\/page"}],"author":[{"embeddable":true,"href":"https:\/\/gartenbahn.tuxplay.de\/index.php?rest_route=\/wp\/v2\/users\/1"}],"replies":[{"embeddable":true,"href":"https:\/\/gartenbahn.tuxplay.de\/index.php?rest_route=%2Fwp%2Fv2%2Fcomments&post=868"}],"version-history":[{"count":1,"href":"https:\/\/gartenbahn.tuxplay.de\/index.php?rest_route=\/wp\/v2\/pages\/868\/revisions"}],"predecessor-version":[{"id":869,"href":"https:\/\/gartenbahn.tuxplay.de\/index.php?rest_route=\/wp\/v2\/pages\/868\/revisions\/869"}],"up":[{"embeddable":true,"href":"https:\/\/gartenbahn.tuxplay.de\/index.php?rest_route=\/wp\/v2\/pages\/1363"}],"wp:attachment":[{"href":"https:\/\/gartenbahn.tuxplay.de\/index.php?rest_route=%2Fwp%2Fv2%2Fmedia&parent=868"}],"curies":[{"name":"wp","href":"https:\/\/api.w.org\/{rel}","templated":true}]}}