{"id":924,"date":"2014-06-05T09:20:07","date_gmt":"2014-06-05T07:20:07","guid":{"rendered":"http:\/\/gartenbahn.tuxplay.de\/?page_id=924"},"modified":"2016-05-23T12:55:09","modified_gmt":"2016-05-23T10:55:09","slug":"maerz-12","status":"publish","type":"page","link":"https:\/\/gartenbahn.tuxplay.de\/?page_id=924","title":{"rendered":"M\u00e4rz 12"},"content":{"rendered":"<p>Im Winterhalbjahr hat Papa Br\u00fccken gebastelt und Erweiterungen geplant.<br \/>\nHier ein Beispiel seiner Br\u00fcckenbaukunst<br \/>\n<img fetchpriority=\"high\" decoding=\"async\" class=\"aligncenter\" src=\"https:\/\/gartenbahn.tuxplay.de\/wp-content\/uploads\/wppa\/65.jpg?ver=1\" alt=\"\" width=\"300\" height=\"225\" \/><br \/>\nZu Weihnachten gab es f\u00fcr Papa einen Personenwagen und ein S\u00e4gewerk<br \/>\n<img decoding=\"async\" class=\"aligncenter\" src=\"https:\/\/gartenbahn.tuxplay.de\/wp-content\/uploads\/wppa\/108.jpg?ver=1\" alt=\"\" width=\"300\" height=\"225\" \/><br \/>\nSonst war nur noch der Verlust unseres Hundes Struppi zubeklagen, aber fast 18 gute Hundejahre ist auch ne halbe Ewigkeit und wir hatten mit unserem Stuppi echtes Gl\u00fcck.<br \/>\nBilder <a href=\"https:\/\/gartenbahn.tuxplay.de\/wordpress\/?page_id=117&amp;wppa-album=8&amp;wppa-cover=0&amp;wppa-occur=1\">hier<\/a>, <a href=\"https:\/\/gartenbahn.tuxplay.de\/wordpress\/?page_id=117&amp;wppa-album=11&amp;wppa-cover=0&amp;wppa-occur=1\">hier <\/a>und <a href=\"https:\/\/gartenbahn.tuxplay.de\/wordpress\/?page_id=117&amp;wppa-album=10&amp;wppa-cover=0&amp;wppa-occur=1\">hier<\/a>.<\/p>\n<p>&nbsp;<\/p>\n","protected":false},"excerpt":{"rendered":"<p>Im Winterhalbjahr hat Papa Br\u00fccken gebastelt und Erweiterungen geplant. Hier ein Beispiel seiner Br\u00fcckenbaukunst Zu Weihnachten gab es f\u00fcr Papa einen Personenwagen und ein S\u00e4gewerk Sonst war nur noch der Verlust unseres Hundes Struppi zubeklagen, aber fast 18 gute Hundejahre ist auch ne halbe Ewigkeit und wir hatten mit unserem Stuppi echtes Gl\u00fcck. Bilder hier, hier und hier. &nbsp;<\/p>\n","protected":false},"author":1,"featured_media":0,"parent":1365,"menu_order":1,"comment_status":"closed","ping_status":"closed","template":"","meta":{"footnotes":""},"class_list":["post-924","page","type-page","status-publish","hentry"],"_links":{"self":[{"href":"https:\/\/gartenbahn.tuxplay.de\/index.php?rest_route=\/wp\/v2\/pages\/924","targetHints":{"allow":["GET"]}}],"collection":[{"href":"https:\/\/gartenbahn.tuxplay.de\/index.php?rest_route=\/wp\/v2\/pages"}],"about":[{"href":"https:\/\/gartenbahn.tuxplay.de\/index.php?rest_route=\/wp\/v2\/types\/page"}],"author":[{"embeddable":true,"href":"https:\/\/gartenbahn.tuxplay.de\/index.php?rest_route=\/wp\/v2\/users\/1"}],"replies":[{"embeddable":true,"href":"https:\/\/gartenbahn.tuxplay.de\/index.php?rest_route=%2Fwp%2Fv2%2Fcomments&post=924"}],"version-history":[{"count":1,"href":"https:\/\/gartenbahn.tuxplay.de\/index.php?rest_route=\/wp\/v2\/pages\/924\/revisions"}],"predecessor-version":[{"id":925,"href":"https:\/\/gartenbahn.tuxplay.de\/index.php?rest_route=\/wp\/v2\/pages\/924\/revisions\/925"}],"up":[{"embeddable":true,"href":"https:\/\/gartenbahn.tuxplay.de\/index.php?rest_route=\/wp\/v2\/pages\/1365"}],"wp:attachment":[{"href":"https:\/\/gartenbahn.tuxplay.de\/index.php?rest_route=%2Fwp%2Fv2%2Fmedia&parent=924"}],"curies":[{"name":"wp","href":"https:\/\/api.w.org\/{rel}","templated":true}]}}