{"id":928,"date":"2014-06-05T09:24:26","date_gmt":"2014-06-05T07:24:26","guid":{"rendered":"http:\/\/gartenbahn.tuxplay.de\/?page_id=928"},"modified":"2016-05-23T12:55:32","modified_gmt":"2016-05-23T10:55:32","slug":"rest-12","status":"publish","type":"page","link":"https:\/\/gartenbahn.tuxplay.de\/?page_id=928","title":{"rendered":"Rest 12"},"content":{"rendered":"<p>Ohje habe ich lange nichts mehr geschrieben auf der Seite, aber es wurde dann auch ein sehr bewegtes Jahr und wir sind zu nix weiter gekommen auf der Anlage.<br \/>\nAlso in Kurzform der Rest des Jahres 2012:<br \/>\nIm Juni war Papa im Urlaub und die Oma verstarb kurz darauf. Damit haben wir uns um den Opa gek\u00fcmmert und mit ihm im Juli seinen 86. Geburtstag gefeiert.<br \/>\n<a href=\"https:\/\/gartenbahn.tuxplay.de\/wp-content\/uploads\/2014\/06\/rest12.bmp\"><img fetchpriority=\"high\" decoding=\"async\" class=\"aligncenter wp-image-929 size-full\" src=\"https:\/\/gartenbahn.tuxplay.de\/wp-content\/uploads\/2014\/06\/rest12.bmp\" alt=\"rest12\" width=\"400\" height=\"301\" \/><\/a><br \/>\nMein Mann hat seine Motorradfahrerlaubnis gemacht und sich ein Motorrad gekauft, deshalb waren wir bei jedem Sonnenschein mit den Motorr\u00e4dern unterwegs.<br \/>\nIm September haben Papa und ich einen Ausflug mit der Harzquerbahn und der Brockenbahn gemacht. Wir sind in Wernigerode eingestiegen und bis zum Brocken hoch gefahren. Dort bekam ich das erste mal mit, das Papa gesundheitlich nicht auf der H\u00f6he war und dr\u00e4ngelte in den folgenden Wochen, das er sich zum Arzt scheren soll, was er dann auch irgendwie tat. Fragt nicht, wen ich alles zum Nerven aktiviert habe. S\u00e4mtliche Freunde von mir und sogar einige Familienmitglieder.<br \/>\nDem Opa ging es &#8222;gut&#8220;, der k\u00fcmmerte sich um seinen Garten und machte im November eine Kreuzfahrt Richtung Kanaren. Er rief dann auch mal an und sagte dem Papa, das es ihm gefalle. Er w\u00fcrde eine Woche verl\u00e4ngern und er br\u00e4uchte mal noch 1000 Euro auf sein Konto. Hm&#8230;wie der ber\u00fchmte Anruf aus dem Ferienlager &#8222;Ich brauche Geld und Briefmarken sind auch alle.&#8220;<\/p>\n<p>Im Oktober r\u00e4umten wir die Bahn weg und gingen zum Winter \u00fcber. Papa baute eine sehr sch\u00f6ne Bogenbr\u00fccke, der Opa trieb sich wiedermal in der Weltgeschichte rum (mit dem Auto bis Gera zu Freunden).<br \/>\nWeihnachten kam und ging. Papa bekam 2 Sch\u00fcttgutwagen von Piko in gelb.<br \/>\nSilvester sind mein Mann und ich in den Harz gefahren und haben in Dom\u00e4ne \u00fcbernachtet. Papa war nur am 30.12. mit und wir machten noch eine Fahrt von Stiege nach Gernrode.<br \/>\nDas war das Jahr 2012 im Schnelldurchlauf.<\/p>\n<p>&nbsp;<\/p>\n","protected":false},"excerpt":{"rendered":"<p>Ohje habe ich lange nichts mehr geschrieben auf der Seite, aber es wurde dann auch ein sehr bewegtes Jahr und wir sind zu nix weiter gekommen auf der Anlage. Also in Kurzform der Rest des Jahres 2012: Im Juni war Papa im Urlaub und die Oma verstarb kurz darauf. Damit haben wir uns um den Opa gek\u00fcmmert und mit ihm<\/p>\n<p><a class=\"more-link\" href=\"https:\/\/gartenbahn.tuxplay.de\/?page_id=928\">Weiterlesen<\/a><\/p>\n","protected":false},"author":1,"featured_media":0,"parent":1365,"menu_order":3,"comment_status":"closed","ping_status":"closed","template":"","meta":{"footnotes":""},"class_list":["post-928","page","type-page","status-publish","hentry"],"_links":{"self":[{"href":"https:\/\/gartenbahn.tuxplay.de\/index.php?rest_route=\/wp\/v2\/pages\/928","targetHints":{"allow":["GET"]}}],"collection":[{"href":"https:\/\/gartenbahn.tuxplay.de\/index.php?rest_route=\/wp\/v2\/pages"}],"about":[{"href":"https:\/\/gartenbahn.tuxplay.de\/index.php?rest_route=\/wp\/v2\/types\/page"}],"author":[{"embeddable":true,"href":"https:\/\/gartenbahn.tuxplay.de\/index.php?rest_route=\/wp\/v2\/users\/1"}],"replies":[{"embeddable":true,"href":"https:\/\/gartenbahn.tuxplay.de\/index.php?rest_route=%2Fwp%2Fv2%2Fcomments&post=928"}],"version-history":[{"count":1,"href":"https:\/\/gartenbahn.tuxplay.de\/index.php?rest_route=\/wp\/v2\/pages\/928\/revisions"}],"predecessor-version":[{"id":932,"href":"https:\/\/gartenbahn.tuxplay.de\/index.php?rest_route=\/wp\/v2\/pages\/928\/revisions\/932"}],"up":[{"embeddable":true,"href":"https:\/\/gartenbahn.tuxplay.de\/index.php?rest_route=\/wp\/v2\/pages\/1365"}],"wp:attachment":[{"href":"https:\/\/gartenbahn.tuxplay.de\/index.php?rest_route=%2Fwp%2Fv2%2Fmedia&parent=928"}],"curies":[{"name":"wp","href":"https:\/\/api.w.org\/{rel}","templated":true}]}}