{"id":933,"date":"2014-06-05T09:25:00","date_gmt":"2014-06-05T07:25:00","guid":{"rendered":"http:\/\/gartenbahn.tuxplay.de\/?page_id=933"},"modified":"2016-05-23T12:55:42","modified_gmt":"2016-05-23T10:55:42","slug":"anfang-13","status":"publish","type":"page","link":"https:\/\/gartenbahn.tuxplay.de\/?page_id=933","title":{"rendered":"Anfang 13"},"content":{"rendered":"<p>Das Jahr 2013 begann ganz gut.<br \/>\nIch hatte Arbeit, Papa und Klaus auch.<br \/>\nOpa trieb sich rum (Januar an der polnischen Ostsee, M\u00e4rz in \u00c4gypten).<br \/>\nUnsere Geburtstage haben wir auch gut gefeiert und Ostern waren Klaus und ich erst zum Familienspaziergang (Karfreitag) und dann 2 Wochen im Urlaub. Papa befand sich in Carlsfeld und hat eine Fahrt mit der Sch\u00f6nheider-Museeumsbahn geschafft. Opa fuhr zu seinen Freunden nach Gera.<br \/>\nAlles schick&#8230;.bis zum 6.04. Da starb der Opa. Mitten in meinem Urlaub&#8230;ABER ich liebe alle Freunde und Verwandte , die es mir NICHT gesagt haben. Ich hatte also einen total sch\u00f6nen Urlaub und ich bereue ihn nicht. Ich h\u00e4tte nix tun k\u00f6nnen, was mir heute auch bewu\u00dft ist.<\/p>\n<p>Die Gartenbahnsaison ist seid dem 20.04. er\u00f6ffnet, da wurden Schienen geputzt. Nun r\u00e4umen wir langsam die H\u00e4user raus und schichten Steine neu auf, m\u00e4hen Gras und rupfen Unkraut. Langsam&#8230;ganz langsam wird es auch dieses Jahr werden.<br \/>\nEin gro\u00dfes Projekt gibt es im Garten. Papa m\u00f6chte per Solar Wasser erw\u00e4rmen und Klausi baut die Steuerung.<br \/>\nDas soll es erstmal f\u00fcr heute gewesen sein. Ich sammel in den n\u00e4chsten Tagen mal die Fotos von vorigem Jahr bis heute zusammen und stelle sie ein.<\/p>\n<p>Allen eine sch\u00f6ne Gartenbahnsaison<br \/>\nw\u00fcnscht Ines<\/p>\n<p>&nbsp;<\/p>\n","protected":false},"excerpt":{"rendered":"<p>Das Jahr 2013 begann ganz gut. Ich hatte Arbeit, Papa und Klaus auch. Opa trieb sich rum (Januar an der polnischen Ostsee, M\u00e4rz in \u00c4gypten). Unsere Geburtstage haben wir auch gut gefeiert und Ostern waren Klaus und ich erst zum Familienspaziergang (Karfreitag) und dann 2 Wochen im Urlaub. Papa befand sich in Carlsfeld und hat eine Fahrt mit der Sch\u00f6nheider-Museeumsbahn<\/p>\n<p><a class=\"more-link\" href=\"https:\/\/gartenbahn.tuxplay.de\/?page_id=933\">Weiterlesen<\/a><\/p>\n","protected":false},"author":1,"featured_media":0,"parent":1367,"menu_order":1,"comment_status":"closed","ping_status":"closed","template":"","meta":{"footnotes":""},"class_list":["post-933","page","type-page","status-publish","hentry"],"_links":{"self":[{"href":"https:\/\/gartenbahn.tuxplay.de\/index.php?rest_route=\/wp\/v2\/pages\/933","targetHints":{"allow":["GET"]}}],"collection":[{"href":"https:\/\/gartenbahn.tuxplay.de\/index.php?rest_route=\/wp\/v2\/pages"}],"about":[{"href":"https:\/\/gartenbahn.tuxplay.de\/index.php?rest_route=\/wp\/v2\/types\/page"}],"author":[{"embeddable":true,"href":"https:\/\/gartenbahn.tuxplay.de\/index.php?rest_route=\/wp\/v2\/users\/1"}],"replies":[{"embeddable":true,"href":"https:\/\/gartenbahn.tuxplay.de\/index.php?rest_route=%2Fwp%2Fv2%2Fcomments&post=933"}],"version-history":[{"count":1,"href":"https:\/\/gartenbahn.tuxplay.de\/index.php?rest_route=\/wp\/v2\/pages\/933\/revisions"}],"predecessor-version":[{"id":936,"href":"https:\/\/gartenbahn.tuxplay.de\/index.php?rest_route=\/wp\/v2\/pages\/933\/revisions\/936"}],"up":[{"embeddable":true,"href":"https:\/\/gartenbahn.tuxplay.de\/index.php?rest_route=\/wp\/v2\/pages\/1367"}],"wp:attachment":[{"href":"https:\/\/gartenbahn.tuxplay.de\/index.php?rest_route=%2Fwp%2Fv2%2Fmedia&parent=933"}],"curies":[{"name":"wp","href":"https:\/\/api.w.org\/{rel}","templated":true}]}}