{"id":937,"date":"2014-06-05T09:26:23","date_gmt":"2014-06-05T07:26:23","guid":{"rendered":"http:\/\/gartenbahn.tuxplay.de\/?page_id=937"},"modified":"2016-05-23T12:55:53","modified_gmt":"2016-05-23T10:55:53","slug":"mai-13","status":"publish","type":"page","link":"https:\/\/gartenbahn.tuxplay.de\/?page_id=937","title":{"rendered":"Mai 13"},"content":{"rendered":"<p>Am 06. Mai haben wir unsere Figuren auf der Anlage verteilt.<\/p>\n<p><img fetchpriority=\"high\" decoding=\"async\" class=\"aligncenter\" src=\"https:\/\/gartenbahn.tuxplay.de\/wp-content\/uploads\/wppa\/15.jpg?ver=1\" alt=\"\" width=\"300\" height=\"225\" \/><br \/>\nFast alle H\u00e4user wurden geklebt und wieder aufgestellt (wir brauchen echt noch einen brauchbaren Leim).<br \/>\nLeider gehen im Laufe der Jahre einige Details (Fensterladen, Dachrinnen etc) so kaputt oder verloren das es nicht m\u00f6glich ist, die H\u00e4user wie am ersten Tag zu pr\u00e4sentieren.<br \/>\nUnsere Hammerschmiede hat aus genau dem Grund ihr Wasserrad eingeb\u00fc\u00dft. Es war uns nicht mehr m\u00f6glich dieses auch nur halbwegs h\u00fcbsch aufzubauen. Also steht sie nun ohne Wasserrad da.<br \/>\nDie Botschaft ist uns vor 2 Jahren im Dach kaputt gegangen und bis jetzt haben sich keine 4 H\u00e4nde zur gleichen Zeit gefunden, um die Dachplatten zusammen zu bekommen. Aber auch die soll irgendwann wieder auf der Anlage stehen.<br \/>\nIn meinem Wohnzimmer liegt auch noch die Pola Kohlenhandlung &#8222;Ringwald&#8220; in Einzelteilen rum. Der Traktor ist zwar schon lange fertig, aber so filigran wie er in seinen Details ist, k\u00f6nnen wir ihn nicht auf die Anlage stellen, also d\u00fcmpelt er in der Laube rum.<br \/>\nIn Papas Wohnzimmer steht eine selbstgebaute Schotterbef\u00fcllungsanlage auf dem Fu\u00dfboden und eine Werkstatt mit Dampfmaschine (die ich mal zu Weihnachten bekam).<\/p>\n<p>Irgendwie geht uns der Tod von Oma (2012) und Opa (2013) doch gewaltig an die Nieren, was wiederum nur logisch ist. Leider feht dann f\u00fcr die Bahn manchmal der Antrieb.<br \/>\nAm 23.05. habe ich Fotos gemacht, weil Papa und ich gemeinsam in den Urlaub gefahren sind. Die Fotos sind vor dem Rasenm\u00e4hen aufgenommen.<br \/>\nJa wir haben sch\u00f6ne G\u00e4nsebl\u00fcmchen.<br \/>\nBilder hier und hier.<\/p>\n<p>&nbsp;<\/p>\n","protected":false},"excerpt":{"rendered":"<p>Am 06. Mai haben wir unsere Figuren auf der Anlage verteilt. Fast alle H\u00e4user wurden geklebt und wieder aufgestellt (wir brauchen echt noch einen brauchbaren Leim). Leider gehen im Laufe der Jahre einige Details (Fensterladen, Dachrinnen etc) so kaputt oder verloren das es nicht m\u00f6glich ist, die H\u00e4user wie am ersten Tag zu pr\u00e4sentieren. Unsere Hammerschmiede hat aus genau dem<\/p>\n<p><a class=\"more-link\" href=\"https:\/\/gartenbahn.tuxplay.de\/?page_id=937\">Weiterlesen<\/a><\/p>\n","protected":false},"author":1,"featured_media":0,"parent":1367,"menu_order":2,"comment_status":"closed","ping_status":"closed","template":"","meta":{"footnotes":""},"class_list":["post-937","page","type-page","status-publish","hentry"],"_links":{"self":[{"href":"https:\/\/gartenbahn.tuxplay.de\/index.php?rest_route=\/wp\/v2\/pages\/937","targetHints":{"allow":["GET"]}}],"collection":[{"href":"https:\/\/gartenbahn.tuxplay.de\/index.php?rest_route=\/wp\/v2\/pages"}],"about":[{"href":"https:\/\/gartenbahn.tuxplay.de\/index.php?rest_route=\/wp\/v2\/types\/page"}],"author":[{"embeddable":true,"href":"https:\/\/gartenbahn.tuxplay.de\/index.php?rest_route=\/wp\/v2\/users\/1"}],"replies":[{"embeddable":true,"href":"https:\/\/gartenbahn.tuxplay.de\/index.php?rest_route=%2Fwp%2Fv2%2Fcomments&post=937"}],"version-history":[{"count":1,"href":"https:\/\/gartenbahn.tuxplay.de\/index.php?rest_route=\/wp\/v2\/pages\/937\/revisions"}],"predecessor-version":[{"id":938,"href":"https:\/\/gartenbahn.tuxplay.de\/index.php?rest_route=\/wp\/v2\/pages\/937\/revisions\/938"}],"up":[{"embeddable":true,"href":"https:\/\/gartenbahn.tuxplay.de\/index.php?rest_route=\/wp\/v2\/pages\/1367"}],"wp:attachment":[{"href":"https:\/\/gartenbahn.tuxplay.de\/index.php?rest_route=%2Fwp%2Fv2%2Fmedia&parent=937"}],"curies":[{"name":"wp","href":"https:\/\/api.w.org\/{rel}","templated":true}]}}