{"id":939,"date":"2014-06-05T09:27:53","date_gmt":"2014-06-05T07:27:53","guid":{"rendered":"http:\/\/gartenbahn.tuxplay.de\/?page_id=939"},"modified":"2016-05-23T12:56:05","modified_gmt":"2016-05-23T10:56:05","slug":"juni-13","status":"publish","type":"page","link":"https:\/\/gartenbahn.tuxplay.de\/?page_id=939","title":{"rendered":"Juni 13"},"content":{"rendered":"<p>Alle waren erfolgreich im Urlaub und &#8222;d\u00fcrfen&#8220; wieder arbeiten gehen.<br \/>\nDas Hochwasser hat den Garten trotz \u00d6ffnung des Nahle-Wehrs nicht erreicht.<br \/>\nDie Meldung, dass das Wehr ge\u00f6ffnet wird, hatte bei mir hektische Aktivit\u00e4ten ausgel\u00f6st.<br \/>\nZuerst habe ich nur die Dekoder abgebaut, aber dann dachte ich \u00fcber Schlammwasser nach und stellte mir vor, wie ich blumenk\u00e4sten etc. im Schlamm suche und r\u00e4umte alle H\u00e4user auf Tische und B\u00e4nke hoch.<\/p>\n<p>Am 09.06. entwickelte ich die gleiche Hektik fr\u00fch ab 8:45 Uhr um den ganzen Kram wieder an seinen Platz zustellen, da Papa aus dem Urlaub zur\u00fcck kam.<br \/>\nIch war auch genau 4 Minuten vor seinem Erscheinen fertig.<br \/>\nKaputt gegangen ist mir nichts und schon dar\u00fcber bin ich froh.<br \/>\nVielleicht schaffen wir es n\u00e4chste Woche die Botschaft zukleben.<br \/>\nMehr ist nicht gewesen im Juni. \ud83d\ude42<\/p>\n<p>&nbsp;<\/p>\n","protected":false},"excerpt":{"rendered":"<p>Alle waren erfolgreich im Urlaub und &#8222;d\u00fcrfen&#8220; wieder arbeiten gehen. Das Hochwasser hat den Garten trotz \u00d6ffnung des Nahle-Wehrs nicht erreicht. Die Meldung, dass das Wehr ge\u00f6ffnet wird, hatte bei mir hektische Aktivit\u00e4ten ausgel\u00f6st. Zuerst habe ich nur die Dekoder abgebaut, aber dann dachte ich \u00fcber Schlammwasser nach und stellte mir vor, wie ich blumenk\u00e4sten etc. im Schlamm suche und<\/p>\n<p><a class=\"more-link\" href=\"https:\/\/gartenbahn.tuxplay.de\/?page_id=939\">Weiterlesen<\/a><\/p>\n","protected":false},"author":1,"featured_media":0,"parent":1367,"menu_order":3,"comment_status":"closed","ping_status":"closed","template":"","meta":{"footnotes":""},"class_list":["post-939","page","type-page","status-publish","hentry"],"_links":{"self":[{"href":"https:\/\/gartenbahn.tuxplay.de\/index.php?rest_route=\/wp\/v2\/pages\/939","targetHints":{"allow":["GET"]}}],"collection":[{"href":"https:\/\/gartenbahn.tuxplay.de\/index.php?rest_route=\/wp\/v2\/pages"}],"about":[{"href":"https:\/\/gartenbahn.tuxplay.de\/index.php?rest_route=\/wp\/v2\/types\/page"}],"author":[{"embeddable":true,"href":"https:\/\/gartenbahn.tuxplay.de\/index.php?rest_route=\/wp\/v2\/users\/1"}],"replies":[{"embeddable":true,"href":"https:\/\/gartenbahn.tuxplay.de\/index.php?rest_route=%2Fwp%2Fv2%2Fcomments&post=939"}],"version-history":[{"count":1,"href":"https:\/\/gartenbahn.tuxplay.de\/index.php?rest_route=\/wp\/v2\/pages\/939\/revisions"}],"predecessor-version":[{"id":940,"href":"https:\/\/gartenbahn.tuxplay.de\/index.php?rest_route=\/wp\/v2\/pages\/939\/revisions\/940"}],"up":[{"embeddable":true,"href":"https:\/\/gartenbahn.tuxplay.de\/index.php?rest_route=\/wp\/v2\/pages\/1367"}],"wp:attachment":[{"href":"https:\/\/gartenbahn.tuxplay.de\/index.php?rest_route=%2Fwp%2Fv2%2Fmedia&parent=939"}],"curies":[{"name":"wp","href":"https:\/\/api.w.org\/{rel}","templated":true}]}}