{"id":963,"date":"2014-06-30T08:03:44","date_gmt":"2014-06-30T06:03:44","guid":{"rendered":"http:\/\/gartenbahn.tuxplay.de\/?page_id=963"},"modified":"2014-06-30T08:47:44","modified_gmt":"2014-06-30T06:47:44","slug":"impressum","status":"publish","type":"page","link":"https:\/\/gartenbahn.tuxplay.de\/?page_id=963","title":{"rendered":"Impressum"},"content":{"rendered":"<p>Ines Franz-Fichtner<br \/>\nPestalozzistr. 32<br \/>\n04178 Leipzig<br \/>\nTelefon: +49 341 911 6403<br \/>\nTelefax: +49 341 911 6402<br \/>\nE-Mail: ines[at]gartenbahn.tuxplay.de<\/p>\n<p>Internet:<br \/>\nwww.gartenbahn.tuxplay.de<\/p>\n<p>Inhaltlich Verantwortliche gem\u00e4\u00df \u00a7 6 MDStV:<br \/>\nInes Franz-Fichtner<\/p>\n<p>Haftungshinweis:<br \/>\nTrotz sorgf\u00e4ltiger inhaltlicher Kontrolle \u00fcbernehmen wir keine Haftung f\u00fcr die Inhalte externer Links. F\u00fcr den Inhalt der verlinkten Seiten sind ausschlie\u00dflich deren Betreiber verantwortlich.<\/p>\n","protected":false},"excerpt":{"rendered":"<p>Ines Franz-Fichtner Pestalozzistr. 32 04178 Leipzig Telefon: +49 341 911 6403 Telefax: +49 341 911 6402 E-Mail: ines[at]gartenbahn.tuxplay.de Internet: www.gartenbahn.tuxplay.de Inhaltlich Verantwortliche gem\u00e4\u00df \u00a7 6 MDStV: Ines Franz-Fichtner Haftungshinweis: Trotz sorgf\u00e4ltiger inhaltlicher Kontrolle \u00fcbernehmen wir keine Haftung f\u00fcr die Inhalte externer Links. F\u00fcr den Inhalt der verlinkten Seiten sind ausschlie\u00dflich deren Betreiber verantwortlich.<\/p>\n","protected":false},"author":1,"featured_media":0,"parent":0,"menu_order":4,"comment_status":"closed","ping_status":"closed","template":"","meta":{"footnotes":""},"class_list":["post-963","page","type-page","status-publish","hentry"],"_links":{"self":[{"href":"https:\/\/gartenbahn.tuxplay.de\/index.php?rest_route=\/wp\/v2\/pages\/963","targetHints":{"allow":["GET"]}}],"collection":[{"href":"https:\/\/gartenbahn.tuxplay.de\/index.php?rest_route=\/wp\/v2\/pages"}],"about":[{"href":"https:\/\/gartenbahn.tuxplay.de\/index.php?rest_route=\/wp\/v2\/types\/page"}],"author":[{"embeddable":true,"href":"https:\/\/gartenbahn.tuxplay.de\/index.php?rest_route=\/wp\/v2\/users\/1"}],"replies":[{"embeddable":true,"href":"https:\/\/gartenbahn.tuxplay.de\/index.php?rest_route=%2Fwp%2Fv2%2Fcomments&post=963"}],"version-history":[{"count":1,"href":"https:\/\/gartenbahn.tuxplay.de\/index.php?rest_route=\/wp\/v2\/pages\/963\/revisions"}],"predecessor-version":[{"id":966,"href":"https:\/\/gartenbahn.tuxplay.de\/index.php?rest_route=\/wp\/v2\/pages\/963\/revisions\/966"}],"wp:attachment":[{"href":"https:\/\/gartenbahn.tuxplay.de\/index.php?rest_route=%2Fwp%2Fv2%2Fmedia&parent=963"}],"curies":[{"name":"wp","href":"https:\/\/api.w.org\/{rel}","templated":true}]}}